{"id":547437,"date":"2024-11-20T23:15:01","date_gmt":"2024-11-20T22:15:01","guid":{"rendered":"https:\/\/tilefly.com\/producto\/downtown-blue-115x115\/"},"modified":"2025-10-28T13:09:30","modified_gmt":"2025-10-28T12:09:30","slug":"downtown-blue-115x115","status":"publish","type":"product","link":"https:\/\/tilefly.com\/es\/producto\/downtown-blue-115x115\/","title":{"rendered":"DOWNTOWN BLUE 11,5X11,5"},"content":{"rendered":"<h2><strong>DOWNTOWN BLUE 11,5X11,5<\/strong><\/h2><p>El <strong>Downtown Blue 11,5&#215;11,5<\/strong> aporta una vibrante personalidad a tus espacios con su tonalidad azul intensa. Este pavimento porcel\u00e1nico, con acabado mate antideslizante CLASE 2, asegura funcionalidad y un dise\u00f1o innovador.<\/p><p>Perteneciente a la serie <a href='https:\/\/tilefly.com\/producto\/downtown\/'>Downtown<\/a>, esta pieza es ideal para proyectos que buscan un estilo audaz y contempor\u00e1neo.<\/p><p>Combina calidad y est\u00e9tica en este modelo dise\u00f1ado para destacar en cualquier ambiente.<\/p>","protected":false},"excerpt":{"rendered":"<p>DOWNTOWN BLUE 11,5X11,5El Downtown Blue 11,5&#215;11,5 aporta una vibrante personalidad a tus espacios con su tonalidad azul intensa. Este pavimento porcel\u00e1nico, con acabado mate antideslizante CLASE 2, asegura funcionalidad y un dise\u00f1o innovador.Perteneciente a la serie Downtown, esta pieza es ideal para proyectos que buscan un estilo audaz y contempor\u00e1neo.Combina calidad y est\u00e9tica en este [&hellip;]<\/p>\n","protected":false},"featured_media":547412,"comment_status":"open","ping_status":"closed","template":"","meta":[],"product_brand":[],"product_cat":[303,305,306,304],"product_tag":[],"class_list":{"0":"post-547437","1":"product","2":"type-product","3":"status-publish","4":"has-post-thumbnail","6":"product_cat-baldosas","7":"product_cat-banos","8":"product_cat-cocina","9":"product_cat-revestimiento","11":"first","12":"outofstock","13":"shipping-taxable","14":"purchasable","15":"product-type-simple"},"_links":{"self":[{"href":"https:\/\/tilefly.com\/es\/wp-json\/wp\/v2\/product\/547437","targetHints":{"allow":["GET"]}}],"collection":[{"href":"https:\/\/tilefly.com\/es\/wp-json\/wp\/v2\/product"}],"about":[{"href":"https:\/\/tilefly.com\/es\/wp-json\/wp\/v2\/types\/product"}],"replies":[{"embeddable":true,"href":"https:\/\/tilefly.com\/es\/wp-json\/wp\/v2\/comments?post=547437"}],"wp:featuredmedia":[{"embeddable":true,"href":"https:\/\/tilefly.com\/es\/wp-json\/wp\/v2\/media\/547412"}],"wp:attachment":[{"href":"https:\/\/tilefly.com\/es\/wp-json\/wp\/v2\/media?parent=547437"}],"wp:term":[{"taxonomy":"product_brand","embeddable":true,"href":"https:\/\/tilefly.com\/es\/wp-json\/wp\/v2\/product_brand?post=547437"},{"taxonomy":"product_cat","embeddable":true,"href":"https:\/\/tilefly.com\/es\/wp-json\/wp\/v2\/product_cat?post=547437"},{"taxonomy":"product_tag","embeddable":true,"href":"https:\/\/tilefly.com\/es\/wp-json\/wp\/v2\/product_tag?post=547437"}],"curies":[{"name":"wp","href":"https:\/\/api.w.org\/{rel}","templated":true}]}}