{"id":546693,"date":"2024-11-15T16:11:25","date_gmt":"2024-11-15T15:11:25","guid":{"rendered":"https:\/\/tilefly.com\/?post_type=product&#038;p=546693"},"modified":"2024-11-15T16:11:27","modified_gmt":"2024-11-15T15:11:27","slug":"triana","status":"publish","type":"product","link":"https:\/\/tilefly.com\/es\/producto\/triana\/","title":{"rendered":"TRIANA"},"content":{"rendered":"<p>Triana, en Sevilla, ha sido tradicionalmente una zona de marineros, obreros, alfareros e industriales. Tambi\u00e9n es flamenco, m\u00fasica y arte. La guitarra y la cer\u00e1mica han compartido protagonismo en las calles de este barrio. Porque la colecci\u00f3n Triana de APE es el fiel reflejo a un proceso delicado. Cada una de sus vetas est\u00e1n trabajadas y realzadas en sus piezas. La m\u00fasica se siente en cada una de sus l\u00edneas. Puedes escucharla; puedes sentirla y, m\u00e1s, mediante sus distintos formatos.<\/p>","protected":false},"excerpt":{"rendered":"<p>Triana, en Sevilla, ha sido tradicionalmente una zona de marineros, obreros, alfareros e industriales. Tambi\u00e9n es flamenco, m\u00fasica y arte. La guitarra y la cer\u00e1mica han compartido protagonismo en las calles de este barrio. Porque la colecci\u00f3n Triana de APE es el fiel reflejo a un proceso delicado. Cada una de sus vetas est\u00e1n trabajadas [&hellip;]<\/p>\n","protected":false},"featured_media":546006,"comment_status":"closed","ping_status":"closed","template":"","meta":[],"product_brand":[],"product_cat":[303,305,306,304],"product_tag":[],"class_list":{"0":"post-546693","1":"product","2":"type-product","3":"status-publish","4":"has-post-thumbnail","6":"product_cat-baldosas","7":"product_cat-banos","8":"product_cat-cocina","9":"product_cat-revestimiento","11":"first","12":"instock","13":"shipping-taxable","14":"product-type-grouped"},"_links":{"self":[{"href":"https:\/\/tilefly.com\/es\/wp-json\/wp\/v2\/product\/546693","targetHints":{"allow":["GET"]}}],"collection":[{"href":"https:\/\/tilefly.com\/es\/wp-json\/wp\/v2\/product"}],"about":[{"href":"https:\/\/tilefly.com\/es\/wp-json\/wp\/v2\/types\/product"}],"replies":[{"embeddable":true,"href":"https:\/\/tilefly.com\/es\/wp-json\/wp\/v2\/comments?post=546693"}],"wp:featuredmedia":[{"embeddable":true,"href":"https:\/\/tilefly.com\/es\/wp-json\/wp\/v2\/media\/546006"}],"wp:attachment":[{"href":"https:\/\/tilefly.com\/es\/wp-json\/wp\/v2\/media?parent=546693"}],"wp:term":[{"taxonomy":"product_brand","embeddable":true,"href":"https:\/\/tilefly.com\/es\/wp-json\/wp\/v2\/product_brand?post=546693"},{"taxonomy":"product_cat","embeddable":true,"href":"https:\/\/tilefly.com\/es\/wp-json\/wp\/v2\/product_cat?post=546693"},{"taxonomy":"product_tag","embeddable":true,"href":"https:\/\/tilefly.com\/es\/wp-json\/wp\/v2\/product_tag?post=546693"}],"curies":[{"name":"wp","href":"https:\/\/api.w.org\/{rel}","templated":true}]}}