{"id":546684,"date":"2024-11-15T15:50:00","date_gmt":"2024-11-15T14:50:00","guid":{"rendered":"https:\/\/tilefly.com\/producto\/zuhause-graphit-lapatto-rect-60x60\/"},"modified":"2025-10-28T13:09:25","modified_gmt":"2025-10-28T12:09:25","slug":"zuhause-graphit-lapatto-rect-60x60","status":"publish","type":"product","link":"https:\/\/tilefly.com\/es\/producto\/zuhause-graphit-lapatto-rect-60x60\/","title":{"rendered":"ZUHAUSE GRAPHIT LAPATTO RECT 60X60"},"content":{"rendered":"<h2><strong>ZUHAUSE GRAPHIT LAPATTO RECT 60X60<\/strong><\/h2><p><p>El <strong>ZUHAUSE GRAPHIT LAPATTO RECT 60X60<\/strong> en tono gris oscuro es perfecto para pavimentos que buscan destacar por su car\u00e1cter y elegancia. Su acabado lapado y dise\u00f1o imitaci\u00f3n cemento lo convierten en una opci\u00f3n vers\u00e1til y estilizada.<\/p><p>Parte de la colecci\u00f3n <a href='https:\/\/tilefly.com\/producto\/zuhause\/'>Zuhause<\/a>, esta pieza es ideal para proyectos que buscan un equilibrio entre estilo y funcionalidad.<\/p><p>Descubre la serie Zuhause y transforma tus ambientes con esta pieza \u00fanica.<\/p><\/p>","protected":false},"excerpt":{"rendered":"<p>ZUHAUSE GRAPHIT LAPATTO RECT 60X60El ZUHAUSE GRAPHIT LAPATTO RECT 60X60 en tono gris oscuro es perfecto para pavimentos que buscan destacar por su car\u00e1cter y elegancia. Su acabado lapado y dise\u00f1o imitaci\u00f3n cemento lo convierten en una opci\u00f3n vers\u00e1til y estilizada.Parte de la colecci\u00f3n Zuhause, esta pieza es ideal para proyectos que buscan un equilibrio [&hellip;]<\/p>\n","protected":false},"featured_media":546666,"comment_status":"open","ping_status":"closed","template":"","meta":[],"product_brand":[],"product_cat":[303,305,306,304],"product_tag":[],"class_list":{"0":"post-546684","1":"product","2":"type-product","3":"status-publish","4":"has-post-thumbnail","6":"product_cat-baldosas","7":"product_cat-banos","8":"product_cat-cocina","9":"product_cat-revestimiento","11":"first","12":"outofstock","13":"shipping-taxable","14":"purchasable","15":"product-type-simple"},"_links":{"self":[{"href":"https:\/\/tilefly.com\/es\/wp-json\/wp\/v2\/product\/546684","targetHints":{"allow":["GET"]}}],"collection":[{"href":"https:\/\/tilefly.com\/es\/wp-json\/wp\/v2\/product"}],"about":[{"href":"https:\/\/tilefly.com\/es\/wp-json\/wp\/v2\/types\/product"}],"replies":[{"embeddable":true,"href":"https:\/\/tilefly.com\/es\/wp-json\/wp\/v2\/comments?post=546684"}],"wp:featuredmedia":[{"embeddable":true,"href":"https:\/\/tilefly.com\/es\/wp-json\/wp\/v2\/media\/546666"}],"wp:attachment":[{"href":"https:\/\/tilefly.com\/es\/wp-json\/wp\/v2\/media?parent=546684"}],"wp:term":[{"taxonomy":"product_brand","embeddable":true,"href":"https:\/\/tilefly.com\/es\/wp-json\/wp\/v2\/product_brand?post=546684"},{"taxonomy":"product_cat","embeddable":true,"href":"https:\/\/tilefly.com\/es\/wp-json\/wp\/v2\/product_cat?post=546684"},{"taxonomy":"product_tag","embeddable":true,"href":"https:\/\/tilefly.com\/es\/wp-json\/wp\/v2\/product_tag?post=546684"}],"curies":[{"name":"wp","href":"https:\/\/api.w.org\/{rel}","templated":true}]}}