{"id":546561,"date":"2024-11-15T15:49:06","date_gmt":"2024-11-15T14:49:06","guid":{"rendered":"https:\/\/tilefly.com\/producto\/zuhause-asche-lapatto-rect-90x90\/"},"modified":"2025-10-29T09:31:43","modified_gmt":"2025-10-29T08:31:43","slug":"zuhause-asche-lapatto-rect-90x90","status":"publish","type":"product","link":"https:\/\/tilefly.com\/es\/producto\/zuhause-asche-lapatto-rect-90x90\/","title":{"rendered":"ZUHAUSE ASCHE LAPATTO RECT 90X90"},"content":{"rendered":"<h2><strong>ZUHAUSE ASCHE LAPATTO RECT 90X90<\/strong><\/h2><p><p>El <strong>ZUHAUSE ASCHE LAPATTO RECT 90X90<\/strong> combina el tono gris con un formato amplio y un acabado lapado que resalta su textura semibrillante. Este porcel\u00e1nico imitaci\u00f3n cemento es ideal para pavimentos que buscan un dise\u00f1o sobrio y elegante.<\/p><p>Parte de la colecci\u00f3n <a href='https:\/\/tilefly.com\/producto\/zuhause\/'>Zuhause<\/a>, esta pieza ofrece una soluci\u00f3n vers\u00e1til y estilizada para cualquier espacio del hogar.<\/p><p>Explora la serie Zuhause y crea ambientes llenos de personalidad y estilo.<\/p><\/p>","protected":false},"excerpt":{"rendered":"<p>ZUHAUSE ASCHE LAPATTO RECT 90X90El ZUHAUSE ASCHE LAPATTO RECT 90X90 combina el tono gris con un formato amplio y un acabado lapado que resalta su textura semibrillante. Este porcel\u00e1nico imitaci\u00f3n cemento es ideal para pavimentos que buscan un dise\u00f1o sobrio y elegante.Parte de la colecci\u00f3n Zuhause, esta pieza ofrece una soluci\u00f3n vers\u00e1til y estilizada para [&hellip;]<\/p>\n","protected":false},"featured_media":546538,"comment_status":"open","ping_status":"closed","template":"","meta":[],"product_brand":[],"product_cat":[303,305,306,304],"product_tag":[],"class_list":{"0":"post-546561","1":"product","2":"type-product","3":"status-publish","4":"has-post-thumbnail","6":"product_cat-baldosas","7":"product_cat-banos","8":"product_cat-cocina","9":"product_cat-revestimiento","11":"first","12":"instock","13":"shipping-taxable","14":"purchasable","15":"product-type-simple"},"_links":{"self":[{"href":"https:\/\/tilefly.com\/es\/wp-json\/wp\/v2\/product\/546561","targetHints":{"allow":["GET"]}}],"collection":[{"href":"https:\/\/tilefly.com\/es\/wp-json\/wp\/v2\/product"}],"about":[{"href":"https:\/\/tilefly.com\/es\/wp-json\/wp\/v2\/types\/product"}],"replies":[{"embeddable":true,"href":"https:\/\/tilefly.com\/es\/wp-json\/wp\/v2\/comments?post=546561"}],"wp:featuredmedia":[{"embeddable":true,"href":"https:\/\/tilefly.com\/es\/wp-json\/wp\/v2\/media\/546538"}],"wp:attachment":[{"href":"https:\/\/tilefly.com\/es\/wp-json\/wp\/v2\/media?parent=546561"}],"wp:term":[{"taxonomy":"product_brand","embeddable":true,"href":"https:\/\/tilefly.com\/es\/wp-json\/wp\/v2\/product_brand?post=546561"},{"taxonomy":"product_cat","embeddable":true,"href":"https:\/\/tilefly.com\/es\/wp-json\/wp\/v2\/product_cat?post=546561"},{"taxonomy":"product_tag","embeddable":true,"href":"https:\/\/tilefly.com\/es\/wp-json\/wp\/v2\/product_tag?post=546561"}],"curies":[{"name":"wp","href":"https:\/\/api.w.org\/{rel}","templated":true}]}}