{"id":546483,"date":"2024-11-15T15:48:23","date_gmt":"2024-11-15T14:48:23","guid":{"rendered":"https:\/\/tilefly.com\/producto\/zuhause-graphit-lapatto-rect-60x120\/"},"modified":"2025-10-29T09:31:38","modified_gmt":"2025-10-29T08:31:38","slug":"zuhause-graphit-lapatto-rect-60x120","status":"publish","type":"product","link":"https:\/\/tilefly.com\/es\/producto\/zuhause-graphit-lapatto-rect-60x120\/","title":{"rendered":"ZUHAUSE GRAPHIT LAPATTO RECT 60X120"},"content":{"rendered":"<h2><strong>ZUHAUSE GRAPHIT LAPATTO RECT 60X120<\/strong><\/h2><p><p>El <strong>ZUHAUSE GRAPHIT LAPATTO RECT 60X120<\/strong> en tono gris oscuro aporta un car\u00e1cter sofisticado y contempor\u00e1neo a tus pavimentos. Su acabado lapado y dise\u00f1o imitaci\u00f3n cemento hacen de esta pieza una opci\u00f3n vers\u00e1til y estilizada para cualquier estancia.<\/p><p>Parte de la colecci\u00f3n <a href='https:\/\/tilefly.com\/producto\/zuhause\/'>Zuhause<\/a>, esta pieza refleja la elegancia del dise\u00f1o cl\u00e1sico combinado con toques modernos.<\/p><p>Descubre las posibilidades de la serie Zuhause y transforma tus ambientes con esta pieza \u00fanica.<\/p><\/p>","protected":false},"excerpt":{"rendered":"<p>ZUHAUSE GRAPHIT LAPATTO RECT 60X120El ZUHAUSE GRAPHIT LAPATTO RECT 60X120 en tono gris oscuro aporta un car\u00e1cter sofisticado y contempor\u00e1neo a tus pavimentos. Su acabado lapado y dise\u00f1o imitaci\u00f3n cemento hacen de esta pieza una opci\u00f3n vers\u00e1til y estilizada para cualquier estancia.Parte de la colecci\u00f3n Zuhause, esta pieza refleja la elegancia del dise\u00f1o cl\u00e1sico combinado [&hellip;]<\/p>\n","protected":false},"featured_media":546464,"comment_status":"open","ping_status":"closed","template":"","meta":[],"product_brand":[],"product_cat":[846,847,848,827],"product_tag":[],"class_list":{"0":"post-546483","1":"product","2":"type-product","3":"status-publish","4":"has-post-thumbnail","6":"product_cat-piastrelle","7":"product_cat-bagni","8":"product_cat-cucine","9":"product_cat-rivestimento","11":"first","12":"instock","13":"shipping-taxable","14":"purchasable","15":"product-type-simple"},"_links":{"self":[{"href":"https:\/\/tilefly.com\/es\/wp-json\/wp\/v2\/product\/546483","targetHints":{"allow":["GET"]}}],"collection":[{"href":"https:\/\/tilefly.com\/es\/wp-json\/wp\/v2\/product"}],"about":[{"href":"https:\/\/tilefly.com\/es\/wp-json\/wp\/v2\/types\/product"}],"replies":[{"embeddable":true,"href":"https:\/\/tilefly.com\/es\/wp-json\/wp\/v2\/comments?post=546483"}],"wp:featuredmedia":[{"embeddable":true,"href":"https:\/\/tilefly.com\/es\/wp-json\/wp\/v2\/media\/546464"}],"wp:attachment":[{"href":"https:\/\/tilefly.com\/es\/wp-json\/wp\/v2\/media?parent=546483"}],"wp:term":[{"taxonomy":"product_brand","embeddable":true,"href":"https:\/\/tilefly.com\/es\/wp-json\/wp\/v2\/product_brand?post=546483"},{"taxonomy":"product_cat","embeddable":true,"href":"https:\/\/tilefly.com\/es\/wp-json\/wp\/v2\/product_cat?post=546483"},{"taxonomy":"product_tag","embeddable":true,"href":"https:\/\/tilefly.com\/es\/wp-json\/wp\/v2\/product_tag?post=546483"}],"curies":[{"name":"wp","href":"https:\/\/api.w.org\/{rel}","templated":true}]}}