{"id":546371,"date":"2024-11-15T15:46:52","date_gmt":"2024-11-15T14:46:52","guid":{"rendered":"https:\/\/tilefly.com\/producto\/chevron-yoho-cashew-85x44\/"},"modified":"2025-10-29T09:31:32","modified_gmt":"2025-10-29T08:31:32","slug":"chevron-yoho-cashew-85x44","status":"publish","type":"product","link":"https:\/\/tilefly.com\/es\/producto\/chevron-yoho-cashew-85x44\/","title":{"rendered":"CHEVRON YOHO CASHEW 8,5X44"},"content":{"rendered":"<h2><strong>CHEVRON YOHO CASHEW 8,5X44<\/strong><\/h2><p><p>El <strong>CHEVRON YOHO CASHEW 8,5X44<\/strong> combina la calidez del beige con el formato Chevron para crear dise\u00f1os \u00fanicos y din\u00e1micos. Su acabado mate y dise\u00f1o imitaci\u00f3n madera lo convierten en una opci\u00f3n elegante y sofisticada para pavimentos interiores.<\/p><p>Perteneciente a la colecci\u00f3n <a href='https:\/\/tilefly.com\/producto\/yoho\/'>Yoho<\/a>, esta pieza refleja la naturaleza y resistencia del roble en un formato contempor\u00e1neo y vers\u00e1til.<\/p><p>Transforma tus espacios con la originalidad de la serie Yoho y su formato Chevron.<\/p><\/p>","protected":false},"excerpt":{"rendered":"<p>CHEVRON YOHO CASHEW 8,5X44El CHEVRON YOHO CASHEW 8,5X44 combina la calidez del beige con el formato Chevron para crear dise\u00f1os \u00fanicos y din\u00e1micos. Su acabado mate y dise\u00f1o imitaci\u00f3n madera lo convierten en una opci\u00f3n elegante y sofisticada para pavimentos interiores.Perteneciente a la colecci\u00f3n Yoho, esta pieza refleja la naturaleza y resistencia del roble en [&hellip;]<\/p>\n","protected":false},"featured_media":546359,"comment_status":"open","ping_status":"closed","template":"","meta":[],"product_brand":[],"product_cat":[303,305,306,304],"product_tag":[],"class_list":{"0":"post-546371","1":"product","2":"type-product","3":"status-publish","4":"has-post-thumbnail","6":"product_cat-baldosas","7":"product_cat-banos","8":"product_cat-cocina","9":"product_cat-revestimiento","11":"first","12":"instock","13":"shipping-taxable","14":"purchasable","15":"product-type-simple"},"_links":{"self":[{"href":"https:\/\/tilefly.com\/es\/wp-json\/wp\/v2\/product\/546371","targetHints":{"allow":["GET"]}}],"collection":[{"href":"https:\/\/tilefly.com\/es\/wp-json\/wp\/v2\/product"}],"about":[{"href":"https:\/\/tilefly.com\/es\/wp-json\/wp\/v2\/types\/product"}],"replies":[{"embeddable":true,"href":"https:\/\/tilefly.com\/es\/wp-json\/wp\/v2\/comments?post=546371"}],"wp:featuredmedia":[{"embeddable":true,"href":"https:\/\/tilefly.com\/es\/wp-json\/wp\/v2\/media\/546359"}],"wp:attachment":[{"href":"https:\/\/tilefly.com\/es\/wp-json\/wp\/v2\/media?parent=546371"}],"wp:term":[{"taxonomy":"product_brand","embeddable":true,"href":"https:\/\/tilefly.com\/es\/wp-json\/wp\/v2\/product_brand?post=546371"},{"taxonomy":"product_cat","embeddable":true,"href":"https:\/\/tilefly.com\/es\/wp-json\/wp\/v2\/product_cat?post=546371"},{"taxonomy":"product_tag","embeddable":true,"href":"https:\/\/tilefly.com\/es\/wp-json\/wp\/v2\/product_tag?post=546371"}],"curies":[{"name":"wp","href":"https:\/\/api.w.org\/{rel}","templated":true}]}}