{"id":546345,"date":"2024-11-15T15:46:43","date_gmt":"2024-11-15T14:46:43","guid":{"rendered":"https:\/\/tilefly.com\/producto\/anti-slip-yoho-sesame-rect-22x120\/"},"modified":"2025-10-29T09:31:30","modified_gmt":"2025-10-29T08:31:30","slug":"anti-slip-yoho-sesame-rect-22x120","status":"publish","type":"product","link":"https:\/\/tilefly.com\/es\/producto\/anti-slip-yoho-sesame-rect-22x120\/","title":{"rendered":"ANTI-SLIP YOHO SESAME RECT 22X120"},"content":{"rendered":"<h2><strong>ANTI-SLIP YOHO SESAME RECT 22X120<\/strong><\/h2><p><p>El <strong>ANTI-SLIP YOHO SESAME RECT 22X120<\/strong> combina el c\u00e1lido tono marr\u00f3n con un dise\u00f1o antideslizante que asegura funcionalidad y estilo en tus pavimentos. Su acabado mate e imitaci\u00f3n madera son ideales para proyectos exteriores con un enfoque natural y resistente.<\/p><p>Parte de la colecci\u00f3n <a href='https:\/\/tilefly.com\/producto\/yoho\/'>Yoho<\/a>, esta pieza refleja la belleza del roble y la serenidad de los paisajes del parque nacional Yoho.<\/p><p>Descubre la serie Yoho y crea espacios exteriores llenos de car\u00e1cter y seguridad.<\/p><\/p>","protected":false},"excerpt":{"rendered":"<p>ANTI-SLIP YOHO SESAME RECT 22X120El ANTI-SLIP YOHO SESAME RECT 22X120 combina el c\u00e1lido tono marr\u00f3n con un dise\u00f1o antideslizante que asegura funcionalidad y estilo en tus pavimentos. Su acabado mate e imitaci\u00f3n madera son ideales para proyectos exteriores con un enfoque natural y resistente.Parte de la colecci\u00f3n Yoho, esta pieza refleja la belleza del roble [&hellip;]<\/p>\n","protected":false},"featured_media":546333,"comment_status":"open","ping_status":"closed","template":"","meta":[],"product_brand":[],"product_cat":[846,847,848,827],"product_tag":[],"class_list":{"0":"post-546345","1":"product","2":"type-product","3":"status-publish","4":"has-post-thumbnail","6":"product_cat-piastrelle","7":"product_cat-bagni","8":"product_cat-cucine","9":"product_cat-rivestimento","11":"first","12":"instock","13":"shipping-taxable","14":"purchasable","15":"product-type-simple"},"_links":{"self":[{"href":"https:\/\/tilefly.com\/es\/wp-json\/wp\/v2\/product\/546345","targetHints":{"allow":["GET"]}}],"collection":[{"href":"https:\/\/tilefly.com\/es\/wp-json\/wp\/v2\/product"}],"about":[{"href":"https:\/\/tilefly.com\/es\/wp-json\/wp\/v2\/types\/product"}],"replies":[{"embeddable":true,"href":"https:\/\/tilefly.com\/es\/wp-json\/wp\/v2\/comments?post=546345"}],"wp:featuredmedia":[{"embeddable":true,"href":"https:\/\/tilefly.com\/es\/wp-json\/wp\/v2\/media\/546333"}],"wp:attachment":[{"href":"https:\/\/tilefly.com\/es\/wp-json\/wp\/v2\/media?parent=546345"}],"wp:term":[{"taxonomy":"product_brand","embeddable":true,"href":"https:\/\/tilefly.com\/es\/wp-json\/wp\/v2\/product_brand?post=546345"},{"taxonomy":"product_cat","embeddable":true,"href":"https:\/\/tilefly.com\/es\/wp-json\/wp\/v2\/product_cat?post=546345"},{"taxonomy":"product_tag","embeddable":true,"href":"https:\/\/tilefly.com\/es\/wp-json\/wp\/v2\/product_tag?post=546345"}],"curies":[{"name":"wp","href":"https:\/\/api.w.org\/{rel}","templated":true}]}}