{"id":546267,"date":"2024-11-15T15:46:11","date_gmt":"2024-11-15T14:46:11","guid":{"rendered":"https:\/\/tilefly.com\/producto\/hexawork-w-natural-175x202\/"},"modified":"2025-10-28T13:09:08","modified_gmt":"2025-10-28T12:09:08","slug":"hexawork-w-natural-175x202","status":"publish","type":"product","link":"https:\/\/tilefly.com\/es\/producto\/hexawork-w-natural-175x202\/","title":{"rendered":"HEXAWORK W NATURAL 17,5X20,2"},"content":{"rendered":"<h2><strong>HEXAWORK W NATURAL 17,5X20,2<\/strong><\/h2><p><p>El <strong>HEXAWORK W NATURAL 17,5X20,2<\/strong> aporta un toque de autenticidad y naturalidad a tus pavimentos. Su dise\u00f1o hexagonal, tono natural y acabado mate lo convierten en una opci\u00f3n perfecta para proyectos que buscan un estilo c\u00e1lido y vers\u00e1til.<\/p><p>Como parte de la colecci\u00f3n <a href='https:\/\/tilefly.com\/producto\/work\/'>Work<\/a>, esta pieza refleja la filosof\u00eda arquitect\u00f3nica de Luigi Romanelli, ofreciendo dise\u00f1o y funcionalidad en un solo producto.<\/p><p>Explora la serie Work y transforma tus espacios con este dise\u00f1o \u00fanico.<\/p><\/p>","protected":false},"excerpt":{"rendered":"<p>HEXAWORK W NATURAL 17,5X20,2El HEXAWORK W NATURAL 17,5X20,2 aporta un toque de autenticidad y naturalidad a tus pavimentos. Su dise\u00f1o hexagonal, tono natural y acabado mate lo convierten en una opci\u00f3n perfecta para proyectos que buscan un estilo c\u00e1lido y vers\u00e1til.Como parte de la colecci\u00f3n Work, esta pieza refleja la filosof\u00eda arquitect\u00f3nica de Luigi Romanelli, [&hellip;]<\/p>\n","protected":false},"featured_media":546255,"comment_status":"open","ping_status":"closed","template":"","meta":[],"product_brand":[],"product_cat":[303,305,306,304],"product_tag":[],"class_list":{"0":"post-546267","1":"product","2":"type-product","3":"status-publish","4":"has-post-thumbnail","6":"product_cat-baldosas","7":"product_cat-banos","8":"product_cat-cocina","9":"product_cat-revestimiento","11":"first","12":"outofstock","13":"shipping-taxable","14":"purchasable","15":"product-type-simple"},"_links":{"self":[{"href":"https:\/\/tilefly.com\/es\/wp-json\/wp\/v2\/product\/546267","targetHints":{"allow":["GET"]}}],"collection":[{"href":"https:\/\/tilefly.com\/es\/wp-json\/wp\/v2\/product"}],"about":[{"href":"https:\/\/tilefly.com\/es\/wp-json\/wp\/v2\/types\/product"}],"replies":[{"embeddable":true,"href":"https:\/\/tilefly.com\/es\/wp-json\/wp\/v2\/comments?post=546267"}],"wp:featuredmedia":[{"embeddable":true,"href":"https:\/\/tilefly.com\/es\/wp-json\/wp\/v2\/media\/546255"}],"wp:attachment":[{"href":"https:\/\/tilefly.com\/es\/wp-json\/wp\/v2\/media?parent=546267"}],"wp:term":[{"taxonomy":"product_brand","embeddable":true,"href":"https:\/\/tilefly.com\/es\/wp-json\/wp\/v2\/product_brand?post=546267"},{"taxonomy":"product_cat","embeddable":true,"href":"https:\/\/tilefly.com\/es\/wp-json\/wp\/v2\/product_cat?post=546267"},{"taxonomy":"product_tag","embeddable":true,"href":"https:\/\/tilefly.com\/es\/wp-json\/wp\/v2\/product_tag?post=546267"}],"curies":[{"name":"wp","href":"https:\/\/api.w.org\/{rel}","templated":true}]}}