{"id":546254,"date":"2024-11-15T15:46:07","date_gmt":"2024-11-15T14:46:07","guid":{"rendered":"https:\/\/tilefly.com\/producto\/hexawork-b-taupe-175x202\/"},"modified":"2025-10-29T09:31:25","modified_gmt":"2025-10-29T08:31:25","slug":"hexawork-b-taupe-175x202","status":"publish","type":"product","link":"https:\/\/tilefly.com\/es\/producto\/hexawork-b-taupe-175x202\/","title":{"rendered":"HEXAWORK B TAUPE 17,5X20,2"},"content":{"rendered":"<h2><strong>HEXAWORK B TAUPE 17,5X20,2<\/strong><\/h2><p><p>El <strong>HEXAWORK B TAUPE 17,5X20,2<\/strong> combina la calidez del tono marr\u00f3n con el formato hexagonal para crear pavimentos modernos y acogedores. Su acabado mate y dise\u00f1o imitaci\u00f3n cemento lo convierten en una elecci\u00f3n vers\u00e1til y elegante.<\/p><p>Perteneciente a la colecci\u00f3n <a href='https:\/\/tilefly.com\/producto\/work\/'>Work<\/a>, esta pieza es ideal para proyectos que buscan un equilibrio entre tradici\u00f3n y modernidad.<\/p><p>D\u00e9jate inspirar por la serie Work y a\u00f1ade car\u00e1cter y sofisticaci\u00f3n a tus ambientes.<\/p><\/p>","protected":false},"excerpt":{"rendered":"<p>HEXAWORK B TAUPE 17,5X20,2El HEXAWORK B TAUPE 17,5X20,2 combina la calidez del tono marr\u00f3n con el formato hexagonal para crear pavimentos modernos y acogedores. Su acabado mate y dise\u00f1o imitaci\u00f3n cemento lo convierten en una elecci\u00f3n vers\u00e1til y elegante.Perteneciente a la colecci\u00f3n Work, esta pieza es ideal para proyectos que buscan un equilibrio entre tradici\u00f3n [&hellip;]<\/p>\n","protected":false},"featured_media":546242,"comment_status":"open","ping_status":"closed","template":"","meta":[],"product_brand":[],"product_cat":[303,305,306,304],"product_tag":[],"class_list":{"0":"post-546254","1":"product","2":"type-product","3":"status-publish","4":"has-post-thumbnail","6":"product_cat-baldosas","7":"product_cat-banos","8":"product_cat-cocina","9":"product_cat-revestimiento","11":"first","12":"instock","13":"shipping-taxable","14":"purchasable","15":"product-type-simple"},"_links":{"self":[{"href":"https:\/\/tilefly.com\/es\/wp-json\/wp\/v2\/product\/546254","targetHints":{"allow":["GET"]}}],"collection":[{"href":"https:\/\/tilefly.com\/es\/wp-json\/wp\/v2\/product"}],"about":[{"href":"https:\/\/tilefly.com\/es\/wp-json\/wp\/v2\/types\/product"}],"replies":[{"embeddable":true,"href":"https:\/\/tilefly.com\/es\/wp-json\/wp\/v2\/comments?post=546254"}],"wp:featuredmedia":[{"embeddable":true,"href":"https:\/\/tilefly.com\/es\/wp-json\/wp\/v2\/media\/546242"}],"wp:attachment":[{"href":"https:\/\/tilefly.com\/es\/wp-json\/wp\/v2\/media?parent=546254"}],"wp:term":[{"taxonomy":"product_brand","embeddable":true,"href":"https:\/\/tilefly.com\/es\/wp-json\/wp\/v2\/product_brand?post=546254"},{"taxonomy":"product_cat","embeddable":true,"href":"https:\/\/tilefly.com\/es\/wp-json\/wp\/v2\/product_cat?post=546254"},{"taxonomy":"product_tag","embeddable":true,"href":"https:\/\/tilefly.com\/es\/wp-json\/wp\/v2\/product_tag?post=546254"}],"curies":[{"name":"wp","href":"https:\/\/api.w.org\/{rel}","templated":true}]}}