{"id":546143,"date":"2024-11-15T15:45:26","date_gmt":"2024-11-15T14:45:26","guid":{"rendered":"https:\/\/tilefly.com\/producto\/glass-mosaic-wabi-bianco-315x396-25x25\/"},"modified":"2025-10-29T09:29:02","modified_gmt":"2025-10-29T08:29:02","slug":"glass-mosaic-wabi-bianco-315x396-25x25","status":"publish","type":"product","link":"https:\/\/tilefly.com\/es\/producto\/glass-mosaic-wabi-bianco-315x396-25x25\/","title":{"rendered":"GLASS MOSAIC WABI BIANCO 31,5X39,6 (2,5X2,5)"},"content":{"rendered":"<h2><strong>GLASS MOSAIC WABI BIANCO 31,5X39,6 (2,5X2,5)<\/strong><\/h2><p><p>Aporta un toque delicado y moderno a tus revestimientos con el <strong>GLASS MOSAIC WABI BIANCO 31,5X39,6 (2,5X2,5)<\/strong>. Este mosaico en tono blanco combina la imitaci\u00f3n de cemento y m\u00e1rmol con la textura elegante del gresite, logrando un acabado mate sofisticado y contempor\u00e1neo.<\/p><p>Perteneciente a la colecci\u00f3n <a href='https:\/\/tilefly.com\/producto\/wabi-sabi\/'>Wabi Sabi<\/a>, esta pieza es ideal para crear detalles decorativos que reflejan armon\u00eda y dise\u00f1o.<\/p><p>Descubre las infinitas posibilidades de la serie Wabi Sabi y eleva tus espacios con este mosaico exclusivo.<\/p><\/p>","protected":false},"excerpt":{"rendered":"<p>GLASS MOSAIC WABI BIANCO 31,5X39,6 (2,5X2,5)Aporta un toque delicado y moderno a tus revestimientos con el GLASS MOSAIC WABI BIANCO 31,5X39,6 (2,5X2,5). Este mosaico en tono blanco combina la imitaci\u00f3n de cemento y m\u00e1rmol con la textura elegante del gresite, logrando un acabado mate sofisticado y contempor\u00e1neo.Perteneciente a la colecci\u00f3n Wabi Sabi, esta pieza es [&hellip;]<\/p>\n","protected":false},"featured_media":546131,"comment_status":"open","ping_status":"closed","template":"","meta":[],"product_brand":[],"product_cat":[562,563,564],"product_tag":[],"class_list":{"0":"post-546143","1":"product","2":"type-product","3":"status-publish","4":"has-post-thumbnail","6":"product_cat-badkamer-tegels","7":"product_cat-keuken-tegel","8":"product_cat-wandtegels","10":"first","11":"instock","12":"shipping-taxable","13":"purchasable","14":"product-type-simple"},"_links":{"self":[{"href":"https:\/\/tilefly.com\/es\/wp-json\/wp\/v2\/product\/546143","targetHints":{"allow":["GET"]}}],"collection":[{"href":"https:\/\/tilefly.com\/es\/wp-json\/wp\/v2\/product"}],"about":[{"href":"https:\/\/tilefly.com\/es\/wp-json\/wp\/v2\/types\/product"}],"replies":[{"embeddable":true,"href":"https:\/\/tilefly.com\/es\/wp-json\/wp\/v2\/comments?post=546143"}],"wp:featuredmedia":[{"embeddable":true,"href":"https:\/\/tilefly.com\/es\/wp-json\/wp\/v2\/media\/546131"}],"wp:attachment":[{"href":"https:\/\/tilefly.com\/es\/wp-json\/wp\/v2\/media?parent=546143"}],"wp:term":[{"taxonomy":"product_brand","embeddable":true,"href":"https:\/\/tilefly.com\/es\/wp-json\/wp\/v2\/product_brand?post=546143"},{"taxonomy":"product_cat","embeddable":true,"href":"https:\/\/tilefly.com\/es\/wp-json\/wp\/v2\/product_cat?post=546143"},{"taxonomy":"product_tag","embeddable":true,"href":"https:\/\/tilefly.com\/es\/wp-json\/wp\/v2\/product_tag?post=546143"}],"curies":[{"name":"wp","href":"https:\/\/api.w.org\/{rel}","templated":true}]}}