{"id":545973,"date":"2024-11-15T15:28:49","date_gmt":"2024-11-15T14:28:49","guid":{"rendered":"https:\/\/tilefly.com\/producto\/triana-ceniza-rect-20x120\/"},"modified":"2025-10-28T13:08:57","modified_gmt":"2025-10-28T12:08:57","slug":"triana-ceniza-rect-20x120","status":"publish","type":"product","link":"https:\/\/tilefly.com\/es\/producto\/triana-ceniza-rect-20x120\/","title":{"rendered":"TRIANA CENIZA RECT 20X120"},"content":{"rendered":"<h2><strong>TRIANA CENIZA RECT 20X120<\/strong><\/h2><p><p>El <strong>TRIANA CENIZA RECT 20X120<\/strong> es la elecci\u00f3n perfecta para quienes buscan un estilo moderno y sereno. Su tono ceniza y acabado mate imitan la madera con una precisi\u00f3n que aporta sofisticaci\u00f3n y car\u00e1cter a tus pavimentos.<\/p><p>Perteneciente a la colecci\u00f3n <a href='https:\/\/tilefly.com\/producto\/triana\/'>Triana<\/a>, esta pieza destaca por su dise\u00f1o artesanal, que captura la esencia de un proceso cuidado y delicado.<\/p><p>D\u00e9jate inspirar por la serie Triana y crea espacios llenos de arte y autenticidad.<\/p><\/p>","protected":false},"excerpt":{"rendered":"<p>TRIANA CENIZA RECT 20X120El TRIANA CENIZA RECT 20X120 es la elecci\u00f3n perfecta para quienes buscan un estilo moderno y sereno. Su tono ceniza y acabado mate imitan la madera con una precisi\u00f3n que aporta sofisticaci\u00f3n y car\u00e1cter a tus pavimentos.Perteneciente a la colecci\u00f3n Triana, esta pieza destaca por su dise\u00f1o artesanal, que captura la esencia [&hellip;]<\/p>\n","protected":false},"featured_media":545961,"comment_status":"open","ping_status":"closed","template":"","meta":[],"product_brand":[],"product_cat":[303,305,306,304],"product_tag":[],"class_list":{"0":"post-545973","1":"product","2":"type-product","3":"status-publish","4":"has-post-thumbnail","6":"product_cat-baldosas","7":"product_cat-banos","8":"product_cat-cocina","9":"product_cat-revestimiento","11":"first","12":"outofstock","13":"shipping-taxable","14":"purchasable","15":"product-type-simple"},"_links":{"self":[{"href":"https:\/\/tilefly.com\/es\/wp-json\/wp\/v2\/product\/545973","targetHints":{"allow":["GET"]}}],"collection":[{"href":"https:\/\/tilefly.com\/es\/wp-json\/wp\/v2\/product"}],"about":[{"href":"https:\/\/tilefly.com\/es\/wp-json\/wp\/v2\/types\/product"}],"replies":[{"embeddable":true,"href":"https:\/\/tilefly.com\/es\/wp-json\/wp\/v2\/comments?post=545973"}],"wp:featuredmedia":[{"embeddable":true,"href":"https:\/\/tilefly.com\/es\/wp-json\/wp\/v2\/media\/545961"}],"wp:attachment":[{"href":"https:\/\/tilefly.com\/es\/wp-json\/wp\/v2\/media?parent=545973"}],"wp:term":[{"taxonomy":"product_brand","embeddable":true,"href":"https:\/\/tilefly.com\/es\/wp-json\/wp\/v2\/product_brand?post=545973"},{"taxonomy":"product_cat","embeddable":true,"href":"https:\/\/tilefly.com\/es\/wp-json\/wp\/v2\/product_cat?post=545973"},{"taxonomy":"product_tag","embeddable":true,"href":"https:\/\/tilefly.com\/es\/wp-json\/wp\/v2\/product_tag?post=545973"}],"curies":[{"name":"wp","href":"https:\/\/api.w.org\/{rel}","templated":true}]}}