{"id":545934,"date":"2024-11-15T15:28:20","date_gmt":"2024-11-15T14:28:20","guid":{"rendered":"https:\/\/tilefly.com\/producto\/cretonne-fortune-rect-60x120\/"},"modified":"2025-10-29T09:28:39","modified_gmt":"2025-10-29T08:28:39","slug":"cretonne-fortune-rect-60x120","status":"publish","type":"product","link":"https:\/\/tilefly.com\/es\/producto\/cretonne-fortune-rect-60x120\/","title":{"rendered":"CRETONNE FORTUNE RECT 60X120"},"content":{"rendered":"<h2><strong>CRETONNE FORTUNE RECT 60X120<\/strong><\/h2><p><p>Aporta vitalidad y estilo a tus pavimentos con el <strong>CRETONNE FORTUNE RECT 60X120<\/strong>. Este porcel\u00e1nico en tono beige y acabado brillo presenta un dise\u00f1o decorado e imitaci\u00f3n m\u00e1rmol, ideal para crear espacios llenos de elegancia y personalidad.<\/p><p>Como parte de la colecci\u00f3n <a href='https:\/\/tilefly.com\/producto\/tonality\/'>Tonality<\/a>, esta pieza te invita a explorar combinaciones \u00fanicas y llenas de vida.<\/p><p>Transforma tus ambientes y descubre las posibilidades que ofrece la serie Tonality con esta pieza exclusiva.<\/p><\/p>","protected":false},"excerpt":{"rendered":"<p>CRETONNE FORTUNE RECT 60X120Aporta vitalidad y estilo a tus pavimentos con el CRETONNE FORTUNE RECT 60X120. Este porcel\u00e1nico en tono beige y acabado brillo presenta un dise\u00f1o decorado e imitaci\u00f3n m\u00e1rmol, ideal para crear espacios llenos de elegancia y personalidad.Como parte de la colecci\u00f3n Tonality, esta pieza te invita a explorar combinaciones \u00fanicas y llenas [&hellip;]<\/p>\n","protected":false},"featured_media":545922,"comment_status":"open","ping_status":"closed","template":"","meta":[],"product_brand":[],"product_cat":[303,305,306,304],"product_tag":[],"class_list":{"0":"post-545934","1":"product","2":"type-product","3":"status-publish","4":"has-post-thumbnail","6":"product_cat-baldosas","7":"product_cat-banos","8":"product_cat-cocina","9":"product_cat-revestimiento","11":"first","12":"instock","13":"shipping-taxable","14":"purchasable","15":"product-type-simple"},"_links":{"self":[{"href":"https:\/\/tilefly.com\/es\/wp-json\/wp\/v2\/product\/545934","targetHints":{"allow":["GET"]}}],"collection":[{"href":"https:\/\/tilefly.com\/es\/wp-json\/wp\/v2\/product"}],"about":[{"href":"https:\/\/tilefly.com\/es\/wp-json\/wp\/v2\/types\/product"}],"replies":[{"embeddable":true,"href":"https:\/\/tilefly.com\/es\/wp-json\/wp\/v2\/comments?post=545934"}],"wp:featuredmedia":[{"embeddable":true,"href":"https:\/\/tilefly.com\/es\/wp-json\/wp\/v2\/media\/545922"}],"wp:attachment":[{"href":"https:\/\/tilefly.com\/es\/wp-json\/wp\/v2\/media?parent=545934"}],"wp:term":[{"taxonomy":"product_brand","embeddable":true,"href":"https:\/\/tilefly.com\/es\/wp-json\/wp\/v2\/product_brand?post=545934"},{"taxonomy":"product_cat","embeddable":true,"href":"https:\/\/tilefly.com\/es\/wp-json\/wp\/v2\/product_cat?post=545934"},{"taxonomy":"product_tag","embeddable":true,"href":"https:\/\/tilefly.com\/es\/wp-json\/wp\/v2\/product_tag?post=545934"}],"curies":[{"name":"wp","href":"https:\/\/api.w.org\/{rel}","templated":true}]}}