{"id":545921,"date":"2024-11-15T15:28:07","date_gmt":"2024-11-15T14:28:07","guid":{"rendered":"https:\/\/tilefly.com\/producto\/cretonne-tide-rect-60x120\/"},"modified":"2025-10-29T09:28:37","modified_gmt":"2025-10-29T08:28:37","slug":"cretonne-tide-rect-60x120","status":"publish","type":"product","link":"https:\/\/tilefly.com\/es\/producto\/cretonne-tide-rect-60x120\/","title":{"rendered":"CRETONNE TIDE RECT 60X120"},"content":{"rendered":"<h2><strong>CRETONNE TIDE RECT 60X120<\/strong><\/h2><p><p>El <strong>CRETONNE TIDE RECT 60X120<\/strong> en tono gris y acabado brillo es perfecto para quienes buscan un pavimento decorado que combine elegancia y modernidad. Su dise\u00f1o imitaci\u00f3n m\u00e1rmol aporta sofisticaci\u00f3n y estilo a cualquier espacio.<\/p><p>Perteneciente a la colecci\u00f3n <a href='https:\/\/tilefly.com\/producto\/tonality\/'>Tonality<\/a>, esta pieza te permite crear ambientes refinados y llenos de car\u00e1cter.<\/p><p>D\u00e9jate inspirar por la serie Tonality y transforma tus espacios con esta pieza excepcional.<\/p><\/p>","protected":false},"excerpt":{"rendered":"<p>CRETONNE TIDE RECT 60X120El CRETONNE TIDE RECT 60X120 en tono gris y acabado brillo es perfecto para quienes buscan un pavimento decorado que combine elegancia y modernidad. Su dise\u00f1o imitaci\u00f3n m\u00e1rmol aporta sofisticaci\u00f3n y estilo a cualquier espacio.Perteneciente a la colecci\u00f3n Tonality, esta pieza te permite crear ambientes refinados y llenos de car\u00e1cter.D\u00e9jate inspirar por [&hellip;]<\/p>\n","protected":false},"featured_media":545909,"comment_status":"open","ping_status":"closed","template":"","meta":[],"product_brand":[],"product_cat":[303,305,306,304],"product_tag":[],"class_list":{"0":"post-545921","1":"product","2":"type-product","3":"status-publish","4":"has-post-thumbnail","6":"product_cat-baldosas","7":"product_cat-banos","8":"product_cat-cocina","9":"product_cat-revestimiento","11":"first","12":"instock","13":"shipping-taxable","14":"purchasable","15":"product-type-simple"},"_links":{"self":[{"href":"https:\/\/tilefly.com\/es\/wp-json\/wp\/v2\/product\/545921","targetHints":{"allow":["GET"]}}],"collection":[{"href":"https:\/\/tilefly.com\/es\/wp-json\/wp\/v2\/product"}],"about":[{"href":"https:\/\/tilefly.com\/es\/wp-json\/wp\/v2\/types\/product"}],"replies":[{"embeddable":true,"href":"https:\/\/tilefly.com\/es\/wp-json\/wp\/v2\/comments?post=545921"}],"wp:featuredmedia":[{"embeddable":true,"href":"https:\/\/tilefly.com\/es\/wp-json\/wp\/v2\/media\/545909"}],"wp:attachment":[{"href":"https:\/\/tilefly.com\/es\/wp-json\/wp\/v2\/media?parent=545921"}],"wp:term":[{"taxonomy":"product_brand","embeddable":true,"href":"https:\/\/tilefly.com\/es\/wp-json\/wp\/v2\/product_brand?post=545921"},{"taxonomy":"product_cat","embeddable":true,"href":"https:\/\/tilefly.com\/es\/wp-json\/wp\/v2\/product_cat?post=545921"},{"taxonomy":"product_tag","embeddable":true,"href":"https:\/\/tilefly.com\/es\/wp-json\/wp\/v2\/product_tag?post=545921"}],"curies":[{"name":"wp","href":"https:\/\/api.w.org\/{rel}","templated":true}]}}