{"id":545830,"date":"2024-11-15T15:27:30","date_gmt":"2024-11-15T14:27:30","guid":{"rendered":"https:\/\/tilefly.com\/producto\/wicker-turquoise-rect-60x120\/"},"modified":"2025-10-28T13:08:51","modified_gmt":"2025-10-28T12:08:51","slug":"wicker-turquoise-rect-60x120","status":"publish","type":"product","link":"https:\/\/tilefly.com\/es\/producto\/wicker-turquoise-rect-60x120\/","title":{"rendered":"WICKER TURQUOISE RECT 60X120"},"content":{"rendered":"<h2><strong>WICKER TURQUOISE RECT 60X120<\/strong><\/h2><p><p>Aporta frescura y dinamismo a tus espacios con el <strong>WICKER TURQUOISE RECT 60X120<\/strong>. Este porcel\u00e1nico en tono turquesa y acabado brillo combina la elegancia del m\u00e1rmol con un dise\u00f1o texturizado que realza la personalidad de tus pavimentos.<\/p><p>Como parte de la colecci\u00f3n <a href='https:\/\/tilefly.com\/producto\/tonality\/'>Tonality<\/a>, esta pieza te invita a experimentar con combinaciones llenas de color y estilo.<\/p><p>Crea ambientes \u00fanicos y llenos de vida con la serie Tonality y esta pieza excepcional.<\/p><\/p>","protected":false},"excerpt":{"rendered":"<p>WICKER TURQUOISE RECT 60X120Aporta frescura y dinamismo a tus espacios con el WICKER TURQUOISE RECT 60X120. Este porcel\u00e1nico en tono turquesa y acabado brillo combina la elegancia del m\u00e1rmol con un dise\u00f1o texturizado que realza la personalidad de tus pavimentos.Como parte de la colecci\u00f3n Tonality, esta pieza te invita a experimentar con combinaciones llenas de [&hellip;]<\/p>\n","protected":false},"featured_media":545818,"comment_status":"open","ping_status":"closed","template":"","meta":[],"product_brand":[],"product_cat":[303,305,306,304],"product_tag":[],"class_list":{"0":"post-545830","1":"product","2":"type-product","3":"status-publish","4":"has-post-thumbnail","6":"product_cat-baldosas","7":"product_cat-banos","8":"product_cat-cocina","9":"product_cat-revestimiento","11":"first","12":"outofstock","13":"shipping-taxable","14":"purchasable","15":"product-type-simple"},"_links":{"self":[{"href":"https:\/\/tilefly.com\/es\/wp-json\/wp\/v2\/product\/545830","targetHints":{"allow":["GET"]}}],"collection":[{"href":"https:\/\/tilefly.com\/es\/wp-json\/wp\/v2\/product"}],"about":[{"href":"https:\/\/tilefly.com\/es\/wp-json\/wp\/v2\/types\/product"}],"replies":[{"embeddable":true,"href":"https:\/\/tilefly.com\/es\/wp-json\/wp\/v2\/comments?post=545830"}],"wp:featuredmedia":[{"embeddable":true,"href":"https:\/\/tilefly.com\/es\/wp-json\/wp\/v2\/media\/545818"}],"wp:attachment":[{"href":"https:\/\/tilefly.com\/es\/wp-json\/wp\/v2\/media?parent=545830"}],"wp:term":[{"taxonomy":"product_brand","embeddable":true,"href":"https:\/\/tilefly.com\/es\/wp-json\/wp\/v2\/product_brand?post=545830"},{"taxonomy":"product_cat","embeddable":true,"href":"https:\/\/tilefly.com\/es\/wp-json\/wp\/v2\/product_cat?post=545830"},{"taxonomy":"product_tag","embeddable":true,"href":"https:\/\/tilefly.com\/es\/wp-json\/wp\/v2\/product_tag?post=545830"}],"curies":[{"name":"wp","href":"https:\/\/api.w.org\/{rel}","templated":true}]}}