{"id":545726,"date":"2024-11-15T15:26:46","date_gmt":"2024-11-15T14:26:46","guid":{"rendered":"https:\/\/tilefly.com\/producto\/champagne-pol-rect-60x120\/"},"modified":"2025-10-29T09:28:13","modified_gmt":"2025-10-29T08:28:13","slug":"champagne-pol-rect-60x120","status":"publish","type":"product","link":"https:\/\/tilefly.com\/es\/producto\/champagne-pol-rect-60x120\/","title":{"rendered":"CHAMPAGNE POL RECT 60X120"},"content":{"rendered":"<h2><strong>CHAMPAGNE POL RECT 60X120<\/strong><\/h2><p><p>Eleva la elegancia de tus espacios con el <strong>CHAMPAGNE POL RECT 60X120<\/strong>. Este porcel\u00e1nico en tono beige es ideal para pavimentos, ofreciendo la sofisticaci\u00f3n de la imitaci\u00f3n m\u00e1rmol con un acabado pulido que aporta luminosidad y amplitud a cualquier estancia.<\/p><p>Perteneciente a la colecci\u00f3n <a href='https:\/\/tilefly.com\/producto\/tonality\/'>Tonality<\/a>, esta pieza es perfecta para crear ambientes refinados y acogedores. Su versatilidad te permite combinarla con diversos estilos y materiales, desde maderas hasta decorados florales.<\/p><p>Aprovecha las infinitas posibilidades que ofrece la serie Tonality y transforma tu hogar con esta pieza exclusiva y llena de estilo.<\/p><\/p>","protected":false},"excerpt":{"rendered":"<p>CHAMPAGNE POL RECT 60X120Eleva la elegancia de tus espacios con el CHAMPAGNE POL RECT 60X120. Este porcel\u00e1nico en tono beige es ideal para pavimentos, ofreciendo la sofisticaci\u00f3n de la imitaci\u00f3n m\u00e1rmol con un acabado pulido que aporta luminosidad y amplitud a cualquier estancia.Perteneciente a la colecci\u00f3n Tonality, esta pieza es perfecta para crear ambientes refinados [&hellip;]<\/p>\n","protected":false},"featured_media":545714,"comment_status":"open","ping_status":"closed","template":"","meta":[],"product_brand":[],"product_cat":[303,305,306,304],"product_tag":[],"class_list":{"0":"post-545726","1":"product","2":"type-product","3":"status-publish","4":"has-post-thumbnail","6":"product_cat-baldosas","7":"product_cat-banos","8":"product_cat-cocina","9":"product_cat-revestimiento","11":"first","12":"instock","13":"shipping-taxable","14":"purchasable","15":"product-type-simple"},"_links":{"self":[{"href":"https:\/\/tilefly.com\/es\/wp-json\/wp\/v2\/product\/545726","targetHints":{"allow":["GET"]}}],"collection":[{"href":"https:\/\/tilefly.com\/es\/wp-json\/wp\/v2\/product"}],"about":[{"href":"https:\/\/tilefly.com\/es\/wp-json\/wp\/v2\/types\/product"}],"replies":[{"embeddable":true,"href":"https:\/\/tilefly.com\/es\/wp-json\/wp\/v2\/comments?post=545726"}],"wp:featuredmedia":[{"embeddable":true,"href":"https:\/\/tilefly.com\/es\/wp-json\/wp\/v2\/media\/545714"}],"wp:attachment":[{"href":"https:\/\/tilefly.com\/es\/wp-json\/wp\/v2\/media?parent=545726"}],"wp:term":[{"taxonomy":"product_brand","embeddable":true,"href":"https:\/\/tilefly.com\/es\/wp-json\/wp\/v2\/product_brand?post=545726"},{"taxonomy":"product_cat","embeddable":true,"href":"https:\/\/tilefly.com\/es\/wp-json\/wp\/v2\/product_cat?post=545726"},{"taxonomy":"product_tag","embeddable":true,"href":"https:\/\/tilefly.com\/es\/wp-json\/wp\/v2\/product_tag?post=545726"}],"curies":[{"name":"wp","href":"https:\/\/api.w.org\/{rel}","templated":true}]}}