{"id":545700,"date":"2024-11-15T15:26:37","date_gmt":"2024-11-15T14:26:37","guid":{"rendered":"https:\/\/tilefly.com\/producto\/rouge-matt-rect-60x120\/"},"modified":"2026-04-15T04:16:10","modified_gmt":"2026-04-15T02:16:10","slug":"rouge-matt-rect-60x120","status":"publish","type":"product","link":"https:\/\/tilefly.com\/es\/producto\/rouge-matt-rect-60x120\/","title":{"rendered":"ROUGE MATT RECT 60X120"},"content":{"rendered":"<h2><strong>ROUGE MATT RECT 60X120<\/strong><\/h2><p><p>A\u00f1ade calidez y car\u00e1cter a tus espacios con el <strong>ROUGE MATT RECT 60X120<\/strong>. Este porcel\u00e1nico en un rico tono marr\u00f3n combina el dise\u00f1o atemporal del m\u00e1rmol con un acabado mate que resalta su elegancia natural.<\/p><p>Parte de la colecci\u00f3n <a href='https:\/\/tilefly.com\/producto\/tonality\/'>Tonality<\/a>, esta pieza es ideal para pavimentos que buscan transmitir una sensaci\u00f3n de confort y sofisticaci\u00f3n. Su versatilidad te permitir\u00e1 crear ambientes acogedores y llenos de estilo.<\/p><p>Descubre las infinitas posibilidades que te ofrece la serie Tonality y dale vida a tus espacios con esta pieza \u00fanica y exclusiva.<\/p><\/p>","protected":false},"excerpt":{"rendered":"<p>ROUGE MATT RECT 60X120A\u00f1ade calidez y car\u00e1cter a tus espacios con el ROUGE MATT RECT 60X120. Este porcel\u00e1nico en un rico tono marr\u00f3n combina el dise\u00f1o atemporal del m\u00e1rmol con un acabado mate que resalta su elegancia natural.Parte de la colecci\u00f3n Tonality, esta pieza es ideal para pavimentos que buscan transmitir una sensaci\u00f3n de confort [&hellip;]<\/p>\n","protected":false},"featured_media":545688,"comment_status":"open","ping_status":"closed","template":"","meta":[],"product_brand":[],"product_cat":[303,305,306,304],"product_tag":[],"class_list":{"0":"post-545700","1":"product","2":"type-product","3":"status-publish","4":"has-post-thumbnail","6":"product_cat-baldosas","7":"product_cat-banos","8":"product_cat-cocina","9":"product_cat-revestimiento","11":"first","12":"outofstock","13":"shipping-taxable","14":"purchasable","15":"product-type-simple"},"_links":{"self":[{"href":"https:\/\/tilefly.com\/es\/wp-json\/wp\/v2\/product\/545700","targetHints":{"allow":["GET"]}}],"collection":[{"href":"https:\/\/tilefly.com\/es\/wp-json\/wp\/v2\/product"}],"about":[{"href":"https:\/\/tilefly.com\/es\/wp-json\/wp\/v2\/types\/product"}],"replies":[{"embeddable":true,"href":"https:\/\/tilefly.com\/es\/wp-json\/wp\/v2\/comments?post=545700"}],"wp:featuredmedia":[{"embeddable":true,"href":"https:\/\/tilefly.com\/es\/wp-json\/wp\/v2\/media\/545688"}],"wp:attachment":[{"href":"https:\/\/tilefly.com\/es\/wp-json\/wp\/v2\/media?parent=545700"}],"wp:term":[{"taxonomy":"product_brand","embeddable":true,"href":"https:\/\/tilefly.com\/es\/wp-json\/wp\/v2\/product_brand?post=545700"},{"taxonomy":"product_cat","embeddable":true,"href":"https:\/\/tilefly.com\/es\/wp-json\/wp\/v2\/product_cat?post=545700"},{"taxonomy":"product_tag","embeddable":true,"href":"https:\/\/tilefly.com\/es\/wp-json\/wp\/v2\/product_tag?post=545700"}],"curies":[{"name":"wp","href":"https:\/\/api.w.org\/{rel}","templated":true}]}}