{"id":545648,"date":"2024-11-15T15:26:21","date_gmt":"2024-11-15T14:26:21","guid":{"rendered":"https:\/\/tilefly.com\/producto\/champagne-matt-rect-60x120\/"},"modified":"2026-04-01T04:15:43","modified_gmt":"2026-04-01T02:15:43","slug":"champagne-matt-rect-60x120","status":"publish","type":"product","link":"https:\/\/tilefly.com\/es\/producto\/champagne-matt-rect-60x120\/","title":{"rendered":"CHAMPAGNE MATT RECT 60X120"},"content":{"rendered":"<h2><strong>CHAMPAGNE MATT RECT 60X120<\/strong><\/h2><p><p>Descubre el encanto sofisticado del <strong>CHAMPAGNE MATT RECT 60X120<\/strong>. Este porcel\u00e1nico en un elegante tono beige es ideal para pavimentos, ofreciendo la calidez de la imitaci\u00f3n m\u00e1rmol con un acabado mate que aporta un toque moderno y refinado a cualquier estancia.<\/p><p>Perfecto para combinar con otros elementos decorativos, este producto forma parte de nuestra exclusiva colecci\u00f3n <a href='https:\/\/tilefly.com\/producto\/tonality\/'>Tonality<\/a>, una propuesta llena de vida y dise\u00f1o, pensada para transformar tus espacios con vitalidad y energ\u00eda.<\/p><p>Aprovecha las infinitas posibilidades que ofrece la serie Tonality, y crea ambientes \u00fanicos con la mezcla de colores, texturas y materiales que caracterizan esta colecci\u00f3n. \u00a1Dale un nuevo aire a tu hogar con esta pieza vers\u00e1til y sofisticada!<\/p><\/p>","protected":false},"excerpt":{"rendered":"<p>CHAMPAGNE MATT RECT 60X120Descubre el encanto sofisticado del CHAMPAGNE MATT RECT 60X120. Este porcel\u00e1nico en un elegante tono beige es ideal para pavimentos, ofreciendo la calidez de la imitaci\u00f3n m\u00e1rmol con un acabado mate que aporta un toque moderno y refinado a cualquier estancia.Perfecto para combinar con otros elementos decorativos, este producto forma parte de [&hellip;]<\/p>\n","protected":false},"featured_media":545636,"comment_status":"open","ping_status":"closed","template":"","meta":[],"product_brand":[],"product_cat":[303,305,306,304],"product_tag":[],"class_list":{"0":"post-545648","1":"product","2":"type-product","3":"status-publish","4":"has-post-thumbnail","6":"product_cat-baldosas","7":"product_cat-banos","8":"product_cat-cocina","9":"product_cat-revestimiento","11":"first","12":"instock","13":"shipping-taxable","14":"purchasable","15":"product-type-simple"},"_links":{"self":[{"href":"https:\/\/tilefly.com\/es\/wp-json\/wp\/v2\/product\/545648","targetHints":{"allow":["GET"]}}],"collection":[{"href":"https:\/\/tilefly.com\/es\/wp-json\/wp\/v2\/product"}],"about":[{"href":"https:\/\/tilefly.com\/es\/wp-json\/wp\/v2\/types\/product"}],"replies":[{"embeddable":true,"href":"https:\/\/tilefly.com\/es\/wp-json\/wp\/v2\/comments?post=545648"}],"wp:featuredmedia":[{"embeddable":true,"href":"https:\/\/tilefly.com\/es\/wp-json\/wp\/v2\/media\/545636"}],"wp:attachment":[{"href":"https:\/\/tilefly.com\/es\/wp-json\/wp\/v2\/media?parent=545648"}],"wp:term":[{"taxonomy":"product_brand","embeddable":true,"href":"https:\/\/tilefly.com\/es\/wp-json\/wp\/v2\/product_brand?post=545648"},{"taxonomy":"product_cat","embeddable":true,"href":"https:\/\/tilefly.com\/es\/wp-json\/wp\/v2\/product_cat?post=545648"},{"taxonomy":"product_tag","embeddable":true,"href":"https:\/\/tilefly.com\/es\/wp-json\/wp\/v2\/product_tag?post=545648"}],"curies":[{"name":"wp","href":"https:\/\/api.w.org\/{rel}","templated":true}]}}