{"id":545387,"date":"2024-11-14T20:19:33","date_gmt":"2024-11-14T19:19:33","guid":{"rendered":"https:\/\/tilefly.com\/producto\/reef-white-rect-120x120\/"},"modified":"2026-02-21T04:15:47","modified_gmt":"2026-02-21T03:15:47","slug":"reef-white-rect-120x120","status":"publish","type":"product","link":"https:\/\/tilefly.com\/es\/producto\/reef-white-rect-120x120\/","title":{"rendered":"REEF WHITE RECT 120X120"},"content":{"rendered":"<h2><strong>REEF WHITE RECT 120X120<\/strong><\/h2><p>El <em>Reef White Rect 120X120<\/em> en tono blanco es un pavimento porcel\u00e1nico que aporta luz y seguridad con su acabado mate y propiedades antideslizantes. Inspirada en los colores puros del oc\u00e9ano, esta pieza transforma los espacios en ambientes modernos y sofisticados.<\/p><p>Conoce m\u00e1s de la <a href='https:\/\/tilefly.com\/producto\/reef\/'>Serie Reef<\/a> y descubre c\u00f3mo esta colecci\u00f3n puede dar un toque fresco y elegante a tus pisos.<\/p>","protected":false},"excerpt":{"rendered":"<p>REEF WHITE RECT 120X120El Reef White Rect 120X120 en tono blanco es un pavimento porcel\u00e1nico que aporta luz y seguridad con su acabado mate y propiedades antideslizantes. Inspirada en los colores puros del oc\u00e9ano, esta pieza transforma los espacios en ambientes modernos y sofisticados.Conoce m\u00e1s de la Serie Reef y descubre c\u00f3mo esta colecci\u00f3n puede [&hellip;]<\/p>\n","protected":false},"featured_media":545363,"comment_status":"open","ping_status":"closed","template":"","meta":[],"product_brand":[],"product_cat":[303,305,306,304],"product_tag":[],"class_list":{"0":"post-545387","1":"product","2":"type-product","3":"status-publish","4":"has-post-thumbnail","6":"product_cat-baldosas","7":"product_cat-banos","8":"product_cat-cocina","9":"product_cat-revestimiento","11":"first","12":"instock","13":"shipping-taxable","14":"purchasable","15":"product-type-simple"},"_links":{"self":[{"href":"https:\/\/tilefly.com\/es\/wp-json\/wp\/v2\/product\/545387","targetHints":{"allow":["GET"]}}],"collection":[{"href":"https:\/\/tilefly.com\/es\/wp-json\/wp\/v2\/product"}],"about":[{"href":"https:\/\/tilefly.com\/es\/wp-json\/wp\/v2\/types\/product"}],"replies":[{"embeddable":true,"href":"https:\/\/tilefly.com\/es\/wp-json\/wp\/v2\/comments?post=545387"}],"wp:featuredmedia":[{"embeddable":true,"href":"https:\/\/tilefly.com\/es\/wp-json\/wp\/v2\/media\/545363"}],"wp:attachment":[{"href":"https:\/\/tilefly.com\/es\/wp-json\/wp\/v2\/media?parent=545387"}],"wp:term":[{"taxonomy":"product_brand","embeddable":true,"href":"https:\/\/tilefly.com\/es\/wp-json\/wp\/v2\/product_brand?post=545387"},{"taxonomy":"product_cat","embeddable":true,"href":"https:\/\/tilefly.com\/es\/wp-json\/wp\/v2\/product_cat?post=545387"},{"taxonomy":"product_tag","embeddable":true,"href":"https:\/\/tilefly.com\/es\/wp-json\/wp\/v2\/product_tag?post=545387"}],"curies":[{"name":"wp","href":"https:\/\/api.w.org\/{rel}","templated":true}]}}