{"id":545362,"date":"2024-11-14T20:19:28","date_gmt":"2024-11-14T19:19:28","guid":{"rendered":"https:\/\/tilefly.com\/producto\/reef-corten-rect-120x120\/"},"modified":"2025-10-29T09:27:58","modified_gmt":"2025-10-29T08:27:58","slug":"reef-corten-rect-120x120","status":"publish","type":"product","link":"https:\/\/tilefly.com\/es\/producto\/reef-corten-rect-120x120\/","title":{"rendered":"REEF CORTEN RECT 120X120"},"content":{"rendered":"<h2><strong>REEF CORTEN RECT 120X120<\/strong><\/h2><p>El <em>Reef Corten Rect 120X120<\/em> en tono marr\u00f3n combina un acabado mate y propiedades antideslizantes con un impresionante efecto metal. Esta pieza porcel\u00e1nica de gran formato es ideal para crear ambientes con un estilo r\u00fastico e industrial, perfecto para interiores y exteriores.<\/p><p>Explora m\u00e1s sobre la <a href='https:\/\/tilefly.com\/producto\/reef\/'>Serie Reef<\/a> y a\u00f1ade una est\u00e9tica \u00fanica y natural a tus espacios.<\/p>","protected":false},"excerpt":{"rendered":"<p>REEF CORTEN RECT 120X120El Reef Corten Rect 120X120 en tono marr\u00f3n combina un acabado mate y propiedades antideslizantes con un impresionante efecto metal. Esta pieza porcel\u00e1nica de gran formato es ideal para crear ambientes con un estilo r\u00fastico e industrial, perfecto para interiores y exteriores.Explora m\u00e1s sobre la Serie Reef y a\u00f1ade una est\u00e9tica \u00fanica [&hellip;]<\/p>\n","protected":false},"featured_media":545338,"comment_status":"open","ping_status":"closed","template":"","meta":[],"product_brand":[],"product_cat":[303,305,306,304],"product_tag":[],"class_list":{"0":"post-545362","1":"product","2":"type-product","3":"status-publish","4":"has-post-thumbnail","6":"product_cat-baldosas","7":"product_cat-banos","8":"product_cat-cocina","9":"product_cat-revestimiento","11":"first","12":"instock","13":"shipping-taxable","14":"purchasable","15":"product-type-simple"},"_links":{"self":[{"href":"https:\/\/tilefly.com\/es\/wp-json\/wp\/v2\/product\/545362","targetHints":{"allow":["GET"]}}],"collection":[{"href":"https:\/\/tilefly.com\/es\/wp-json\/wp\/v2\/product"}],"about":[{"href":"https:\/\/tilefly.com\/es\/wp-json\/wp\/v2\/types\/product"}],"replies":[{"embeddable":true,"href":"https:\/\/tilefly.com\/es\/wp-json\/wp\/v2\/comments?post=545362"}],"wp:featuredmedia":[{"embeddable":true,"href":"https:\/\/tilefly.com\/es\/wp-json\/wp\/v2\/media\/545338"}],"wp:attachment":[{"href":"https:\/\/tilefly.com\/es\/wp-json\/wp\/v2\/media?parent=545362"}],"wp:term":[{"taxonomy":"product_brand","embeddable":true,"href":"https:\/\/tilefly.com\/es\/wp-json\/wp\/v2\/product_brand?post=545362"},{"taxonomy":"product_cat","embeddable":true,"href":"https:\/\/tilefly.com\/es\/wp-json\/wp\/v2\/product_cat?post=545362"},{"taxonomy":"product_tag","embeddable":true,"href":"https:\/\/tilefly.com\/es\/wp-json\/wp\/v2\/product_tag?post=545362"}],"curies":[{"name":"wp","href":"https:\/\/api.w.org\/{rel}","templated":true}]}}