{"id":545309,"date":"2024-11-14T20:19:16","date_gmt":"2024-11-14T19:19:16","guid":{"rendered":"https:\/\/tilefly.com\/producto\/reef-corten-rect-60x60\/"},"modified":"2025-10-29T09:27:53","modified_gmt":"2025-10-29T08:27:53","slug":"reef-corten-rect-60x60","status":"publish","type":"product","link":"https:\/\/tilefly.com\/es\/producto\/reef-corten-rect-60x60\/","title":{"rendered":"REEF CORTEN RECT 60X60"},"content":{"rendered":"<h2><strong>REEF CORTEN RECT 60X60<\/strong><\/h2><p>El <em>Reef Corten Rect 60X60<\/em> en tono gris es un pavimento porcel\u00e1nico que destaca por su efecto metal y acabado mate antideslizante. Esta pieza es perfecta para quienes buscan una est\u00e9tica r\u00fastica con un toque industrial, ideal para \u00e1reas de alto tr\u00e1nsito o exteriores.<\/p><p>Conoce m\u00e1s sobre la <a href='https:\/\/tilefly.com\/producto\/reef\/'>Serie Reef<\/a> y transforma tus espacios con un dise\u00f1o inspirado en los tonos naturales y el trabajo artesanal.<\/p>","protected":false},"excerpt":{"rendered":"<p>REEF CORTEN RECT 60X60El Reef Corten Rect 60X60 en tono gris es un pavimento porcel\u00e1nico que destaca por su efecto metal y acabado mate antideslizante. Esta pieza es perfecta para quienes buscan una est\u00e9tica r\u00fastica con un toque industrial, ideal para \u00e1reas de alto tr\u00e1nsito o exteriores.Conoce m\u00e1s sobre la Serie Reef y transforma tus [&hellip;]<\/p>\n","protected":false},"featured_media":545285,"comment_status":"open","ping_status":"closed","template":"","meta":[],"product_brand":[],"product_cat":[846,847,848,827],"product_tag":[],"class_list":{"0":"post-545309","1":"product","2":"type-product","3":"status-publish","4":"has-post-thumbnail","6":"product_cat-piastrelle","7":"product_cat-bagni","8":"product_cat-cucine","9":"product_cat-rivestimento","11":"first","12":"instock","13":"shipping-taxable","14":"purchasable","15":"product-type-simple"},"_links":{"self":[{"href":"https:\/\/tilefly.com\/es\/wp-json\/wp\/v2\/product\/545309","targetHints":{"allow":["GET"]}}],"collection":[{"href":"https:\/\/tilefly.com\/es\/wp-json\/wp\/v2\/product"}],"about":[{"href":"https:\/\/tilefly.com\/es\/wp-json\/wp\/v2\/types\/product"}],"replies":[{"embeddable":true,"href":"https:\/\/tilefly.com\/es\/wp-json\/wp\/v2\/comments?post=545309"}],"wp:featuredmedia":[{"embeddable":true,"href":"https:\/\/tilefly.com\/es\/wp-json\/wp\/v2\/media\/545285"}],"wp:attachment":[{"href":"https:\/\/tilefly.com\/es\/wp-json\/wp\/v2\/media?parent=545309"}],"wp:term":[{"taxonomy":"product_brand","embeddable":true,"href":"https:\/\/tilefly.com\/es\/wp-json\/wp\/v2\/product_brand?post=545309"},{"taxonomy":"product_cat","embeddable":true,"href":"https:\/\/tilefly.com\/es\/wp-json\/wp\/v2\/product_cat?post=545309"},{"taxonomy":"product_tag","embeddable":true,"href":"https:\/\/tilefly.com\/es\/wp-json\/wp\/v2\/product_tag?post=545309"}],"curies":[{"name":"wp","href":"https:\/\/api.w.org\/{rel}","templated":true}]}}