{"id":545271,"date":"2024-11-14T20:19:05","date_gmt":"2024-11-14T19:19:05","guid":{"rendered":"https:\/\/tilefly.com\/producto\/reef-ocher-rect-60x60\/"},"modified":"2025-10-29T09:27:51","modified_gmt":"2025-10-29T08:27:51","slug":"reef-ocher-rect-60x60","status":"publish","type":"product","link":"https:\/\/tilefly.com\/es\/producto\/reef-ocher-rect-60x60\/","title":{"rendered":"REEF OCHER RECT 60X60"},"content":{"rendered":"<h2><strong>REEF OCHER RECT 60X60<\/strong><\/h2><p>El <em>Reef Ocher Rect 60X60<\/em> en tono marr\u00f3n combina un acabado mate con propiedades antideslizantes, ideal para crear espacios seguros y acogedores. Inspirada en los tonos c\u00e1lidos de la tierra, esta pieza de porcel\u00e1nico con efecto metal aporta un estilo r\u00fastico y elegante a cualquier ambiente.<\/p><p>Explora m\u00e1s opciones en la <a href='https:\/\/tilefly.com\/producto\/reef\/'>Serie Reef<\/a> y lleva la calidez de la naturaleza a tus pisos.<\/p>","protected":false},"excerpt":{"rendered":"<p>REEF OCHER RECT 60X60El Reef Ocher Rect 60X60 en tono marr\u00f3n combina un acabado mate con propiedades antideslizantes, ideal para crear espacios seguros y acogedores. Inspirada en los tonos c\u00e1lidos de la tierra, esta pieza de porcel\u00e1nico con efecto metal aporta un estilo r\u00fastico y elegante a cualquier ambiente.Explora m\u00e1s opciones en la Serie Reef [&hellip;]<\/p>\n","protected":false},"featured_media":545258,"comment_status":"open","ping_status":"closed","template":"","meta":[],"product_brand":[],"product_cat":[846,847,848,827],"product_tag":[],"class_list":{"0":"post-545271","1":"product","2":"type-product","3":"status-publish","4":"has-post-thumbnail","6":"product_cat-piastrelle","7":"product_cat-bagni","8":"product_cat-cucine","9":"product_cat-rivestimento","11":"first","12":"instock","13":"shipping-taxable","14":"purchasable","15":"product-type-simple"},"_links":{"self":[{"href":"https:\/\/tilefly.com\/es\/wp-json\/wp\/v2\/product\/545271","targetHints":{"allow":["GET"]}}],"collection":[{"href":"https:\/\/tilefly.com\/es\/wp-json\/wp\/v2\/product"}],"about":[{"href":"https:\/\/tilefly.com\/es\/wp-json\/wp\/v2\/types\/product"}],"replies":[{"embeddable":true,"href":"https:\/\/tilefly.com\/es\/wp-json\/wp\/v2\/comments?post=545271"}],"wp:featuredmedia":[{"embeddable":true,"href":"https:\/\/tilefly.com\/es\/wp-json\/wp\/v2\/media\/545258"}],"wp:attachment":[{"href":"https:\/\/tilefly.com\/es\/wp-json\/wp\/v2\/media?parent=545271"}],"wp:term":[{"taxonomy":"product_brand","embeddable":true,"href":"https:\/\/tilefly.com\/es\/wp-json\/wp\/v2\/product_brand?post=545271"},{"taxonomy":"product_cat","embeddable":true,"href":"https:\/\/tilefly.com\/es\/wp-json\/wp\/v2\/product_cat?post=545271"},{"taxonomy":"product_tag","embeddable":true,"href":"https:\/\/tilefly.com\/es\/wp-json\/wp\/v2\/product_tag?post=545271"}],"curies":[{"name":"wp","href":"https:\/\/api.w.org\/{rel}","templated":true}]}}