{"id":545232,"date":"2024-11-14T20:18:48","date_gmt":"2024-11-14T19:18:48","guid":{"rendered":"https:\/\/tilefly.com\/producto\/reef-white-rect-60x60\/"},"modified":"2025-10-29T09:27:47","modified_gmt":"2025-10-29T08:27:47","slug":"reef-white-rect-60x60","status":"publish","type":"product","link":"https:\/\/tilefly.com\/es\/producto\/reef-white-rect-60x60\/","title":{"rendered":"REEF WHITE RECT 60X60"},"content":{"rendered":"<h2><strong>REEF WHITE RECT 60X60<\/strong><\/h2><p>El <em>Reef White Rect 60X60<\/em> es un pavimento porcel\u00e1nico en tono blanco con acabado mate y propiedades antideslizantes. Ideal para \u00e1reas de alto tr\u00e1fico, esta pieza combina funcionalidad y estilo, aportando luminosidad y seguridad a cualquier espacio.<\/p><p>Parte de la <a href='https:\/\/tilefly.com\/producto\/reef\/'>Serie Reef<\/a>, este dise\u00f1o recuerda la pureza del oc\u00e9ano y es perfecto para crear ambientes frescos y modernos.<\/p>","protected":false},"excerpt":{"rendered":"<p>REEF WHITE RECT 60X60El Reef White Rect 60X60 es un pavimento porcel\u00e1nico en tono blanco con acabado mate y propiedades antideslizantes. Ideal para \u00e1reas de alto tr\u00e1fico, esta pieza combina funcionalidad y estilo, aportando luminosidad y seguridad a cualquier espacio.Parte de la Serie Reef, este dise\u00f1o recuerda la pureza del oc\u00e9ano y es perfecto para [&hellip;]<\/p>\n","protected":false},"featured_media":545220,"comment_status":"open","ping_status":"closed","template":"","meta":[],"product_brand":[],"product_cat":[846,847,848,827],"product_tag":[],"class_list":{"0":"post-545232","1":"product","2":"type-product","3":"status-publish","4":"has-post-thumbnail","6":"product_cat-piastrelle","7":"product_cat-bagni","8":"product_cat-cucine","9":"product_cat-rivestimento","11":"first","12":"instock","13":"shipping-taxable","14":"purchasable","15":"product-type-simple"},"_links":{"self":[{"href":"https:\/\/tilefly.com\/es\/wp-json\/wp\/v2\/product\/545232","targetHints":{"allow":["GET"]}}],"collection":[{"href":"https:\/\/tilefly.com\/es\/wp-json\/wp\/v2\/product"}],"about":[{"href":"https:\/\/tilefly.com\/es\/wp-json\/wp\/v2\/types\/product"}],"replies":[{"embeddable":true,"href":"https:\/\/tilefly.com\/es\/wp-json\/wp\/v2\/comments?post=545232"}],"wp:featuredmedia":[{"embeddable":true,"href":"https:\/\/tilefly.com\/es\/wp-json\/wp\/v2\/media\/545220"}],"wp:attachment":[{"href":"https:\/\/tilefly.com\/es\/wp-json\/wp\/v2\/media?parent=545232"}],"wp:term":[{"taxonomy":"product_brand","embeddable":true,"href":"https:\/\/tilefly.com\/es\/wp-json\/wp\/v2\/product_brand?post=545232"},{"taxonomy":"product_cat","embeddable":true,"href":"https:\/\/tilefly.com\/es\/wp-json\/wp\/v2\/product_cat?post=545232"},{"taxonomy":"product_tag","embeddable":true,"href":"https:\/\/tilefly.com\/es\/wp-json\/wp\/v2\/product_tag?post=545232"}],"curies":[{"name":"wp","href":"https:\/\/api.w.org\/{rel}","templated":true}]}}