{"id":545180,"date":"2024-11-14T20:18:15","date_gmt":"2024-11-14T19:18:15","guid":{"rendered":"https:\/\/tilefly.com\/producto\/reef-corten-rect-60x120\/"},"modified":"2025-10-29T09:27:41","modified_gmt":"2025-10-29T08:27:41","slug":"reef-corten-rect-60x120","status":"publish","type":"product","link":"https:\/\/tilefly.com\/es\/producto\/reef-corten-rect-60x120\/","title":{"rendered":"REEF CORTEN RECT 60X120"},"content":{"rendered":"<h2><strong>REEF CORTEN RECT 60X120<\/strong><\/h2><p>El <em>Reef Corten Rect 60X120<\/em> en tono marr\u00f3n combina un acabado mate con propiedades antideslizantes, perfecto para espacios que requieren seguridad y estilo. Inspirado en el \u00f3xido y los tonos tierra, su efecto metal a\u00f1ade un toque contempor\u00e1neo y r\u00fastico a cualquier espacio.<\/p><p>Descubre m\u00e1s en la <a href='https:\/\/tilefly.com\/producto\/reef\/'>Serie Reef<\/a> y lleva la calidez de los tonos naturales a tus pisos.<\/p>","protected":false},"excerpt":{"rendered":"<p>REEF CORTEN RECT 60X120El Reef Corten Rect 60X120 en tono marr\u00f3n combina un acabado mate con propiedades antideslizantes, perfecto para espacios que requieren seguridad y estilo. Inspirado en el \u00f3xido y los tonos tierra, su efecto metal a\u00f1ade un toque contempor\u00e1neo y r\u00fastico a cualquier espacio.Descubre m\u00e1s en la Serie Reef y lleva la calidez [&hellip;]<\/p>\n","protected":false},"featured_media":545168,"comment_status":"open","ping_status":"closed","template":"","meta":[],"product_brand":[],"product_cat":[303,305,306,304],"product_tag":[],"class_list":{"0":"post-545180","1":"product","2":"type-product","3":"status-publish","4":"has-post-thumbnail","6":"product_cat-baldosas","7":"product_cat-banos","8":"product_cat-cocina","9":"product_cat-revestimiento","11":"first","12":"instock","13":"shipping-taxable","14":"purchasable","15":"product-type-simple"},"_links":{"self":[{"href":"https:\/\/tilefly.com\/es\/wp-json\/wp\/v2\/product\/545180","targetHints":{"allow":["GET"]}}],"collection":[{"href":"https:\/\/tilefly.com\/es\/wp-json\/wp\/v2\/product"}],"about":[{"href":"https:\/\/tilefly.com\/es\/wp-json\/wp\/v2\/types\/product"}],"replies":[{"embeddable":true,"href":"https:\/\/tilefly.com\/es\/wp-json\/wp\/v2\/comments?post=545180"}],"wp:featuredmedia":[{"embeddable":true,"href":"https:\/\/tilefly.com\/es\/wp-json\/wp\/v2\/media\/545168"}],"wp:attachment":[{"href":"https:\/\/tilefly.com\/es\/wp-json\/wp\/v2\/media?parent=545180"}],"wp:term":[{"taxonomy":"product_brand","embeddable":true,"href":"https:\/\/tilefly.com\/es\/wp-json\/wp\/v2\/product_brand?post=545180"},{"taxonomy":"product_cat","embeddable":true,"href":"https:\/\/tilefly.com\/es\/wp-json\/wp\/v2\/product_cat?post=545180"},{"taxonomy":"product_tag","embeddable":true,"href":"https:\/\/tilefly.com\/es\/wp-json\/wp\/v2\/product_tag?post=545180"}],"curies":[{"name":"wp","href":"https:\/\/api.w.org\/{rel}","templated":true}]}}