{"id":545167,"date":"2024-11-14T20:18:08","date_gmt":"2024-11-14T19:18:08","guid":{"rendered":"https:\/\/tilefly.com\/producto\/reef-ocher-rect-60x120\/"},"modified":"2025-10-29T09:27:39","modified_gmt":"2025-10-29T08:27:39","slug":"reef-ocher-rect-60x120","status":"publish","type":"product","link":"https:\/\/tilefly.com\/es\/producto\/reef-ocher-rect-60x120\/","title":{"rendered":"REEF OCHER RECT 60X120"},"content":{"rendered":"<h2><strong>REEF OCHER RECT 60X120<\/strong><\/h2><p>El <em>Reef Ocher Rect 60X120<\/em> en tono marr\u00f3n es un pavimento porcel\u00e1nico que aporta calidez y un estilo r\u00fastico a cualquier ambiente. Con su acabado mate y propiedades antideslizantes, esta pieza combina funcionalidad y dise\u00f1o natural, ideal para \u00e1reas de alto tr\u00e1nsito.<\/p><p>Forma parte de la <a href='https:\/\/tilefly.com\/producto\/reef\/'>Serie Reef<\/a>, una colecci\u00f3n inspirada en los colores de la tierra y el oc\u00e9ano, que ofrece una est\u00e9tica natural y sofisticada.<\/p>","protected":false},"excerpt":{"rendered":"<p>REEF OCHER RECT 60X120El Reef Ocher Rect 60X120 en tono marr\u00f3n es un pavimento porcel\u00e1nico que aporta calidez y un estilo r\u00fastico a cualquier ambiente. Con su acabado mate y propiedades antideslizantes, esta pieza combina funcionalidad y dise\u00f1o natural, ideal para \u00e1reas de alto tr\u00e1nsito.Forma parte de la Serie Reef, una colecci\u00f3n inspirada en los [&hellip;]<\/p>\n","protected":false},"featured_media":545155,"comment_status":"open","ping_status":"closed","template":"","meta":[],"product_brand":[],"product_cat":[561,562,563,564],"product_tag":[],"class_list":{"0":"post-545167","1":"product","2":"type-product","3":"status-publish","4":"has-post-thumbnail","6":"product_cat-vloertegels","7":"product_cat-badkamer-tegels","8":"product_cat-keuken-tegel","9":"product_cat-wandtegels","11":"first","12":"instock","13":"shipping-taxable","14":"purchasable","15":"product-type-simple"},"_links":{"self":[{"href":"https:\/\/tilefly.com\/es\/wp-json\/wp\/v2\/product\/545167","targetHints":{"allow":["GET"]}}],"collection":[{"href":"https:\/\/tilefly.com\/es\/wp-json\/wp\/v2\/product"}],"about":[{"href":"https:\/\/tilefly.com\/es\/wp-json\/wp\/v2\/types\/product"}],"replies":[{"embeddable":true,"href":"https:\/\/tilefly.com\/es\/wp-json\/wp\/v2\/comments?post=545167"}],"wp:featuredmedia":[{"embeddable":true,"href":"https:\/\/tilefly.com\/es\/wp-json\/wp\/v2\/media\/545155"}],"wp:attachment":[{"href":"https:\/\/tilefly.com\/es\/wp-json\/wp\/v2\/media?parent=545167"}],"wp:term":[{"taxonomy":"product_brand","embeddable":true,"href":"https:\/\/tilefly.com\/es\/wp-json\/wp\/v2\/product_brand?post=545167"},{"taxonomy":"product_cat","embeddable":true,"href":"https:\/\/tilefly.com\/es\/wp-json\/wp\/v2\/product_cat?post=545167"},{"taxonomy":"product_tag","embeddable":true,"href":"https:\/\/tilefly.com\/es\/wp-json\/wp\/v2\/product_tag?post=545167"}],"curies":[{"name":"wp","href":"https:\/\/api.w.org\/{rel}","templated":true}]}}