{"id":544958,"date":"2024-11-14T20:12:23","date_gmt":"2024-11-14T19:12:23","guid":{"rendered":"https:\/\/tilefly.com\/producto\/spectrum-night-75x30\/"},"modified":"2025-10-29T09:27:23","modified_gmt":"2025-10-29T08:27:23","slug":"spectrum-night-75x30","status":"publish","type":"product","link":"https:\/\/tilefly.com\/es\/producto\/spectrum-night-75x30\/","title":{"rendered":"SPECTRUM NIGHT 7,5X30"},"content":{"rendered":"<h2><strong>SPECTRUM NIGHT 7,5X30<\/strong><\/h2><p>El <em>Spectrum Night 7,5X30<\/em> en color negro es un revestimiento decorativo de pasta blanca con un acabado brillante, ideal para a\u00f1adir un toque de sofisticaci\u00f3n y profundidad. Perfecto para quienes buscan un estilo contempor\u00e1neo y audaz.<\/p><p>Descubre m\u00e1s en la <a href='https:\/\/tilefly.com\/producto\/reality\/'>Serie Reality<\/a> y transforma tus espacios con este dise\u00f1o moderno.<\/p>","protected":false},"excerpt":{"rendered":"<p>SPECTRUM NIGHT 7,5X30El Spectrum Night 7,5X30 en color negro es un revestimiento decorativo de pasta blanca con un acabado brillante, ideal para a\u00f1adir un toque de sofisticaci\u00f3n y profundidad. Perfecto para quienes buscan un estilo contempor\u00e1neo y audaz.Descubre m\u00e1s en la Serie Reality y transforma tus espacios con este dise\u00f1o moderno.<\/p>\n","protected":false},"featured_media":544946,"comment_status":"open","ping_status":"closed","template":"","meta":[],"product_brand":[],"product_cat":[305,306,304],"product_tag":[],"class_list":{"0":"post-544958","1":"product","2":"type-product","3":"status-publish","4":"has-post-thumbnail","6":"product_cat-banos","7":"product_cat-cocina","8":"product_cat-revestimiento","10":"first","11":"instock","12":"shipping-taxable","13":"purchasable","14":"product-type-simple"},"_links":{"self":[{"href":"https:\/\/tilefly.com\/es\/wp-json\/wp\/v2\/product\/544958","targetHints":{"allow":["GET"]}}],"collection":[{"href":"https:\/\/tilefly.com\/es\/wp-json\/wp\/v2\/product"}],"about":[{"href":"https:\/\/tilefly.com\/es\/wp-json\/wp\/v2\/types\/product"}],"replies":[{"embeddable":true,"href":"https:\/\/tilefly.com\/es\/wp-json\/wp\/v2\/comments?post=544958"}],"wp:featuredmedia":[{"embeddable":true,"href":"https:\/\/tilefly.com\/es\/wp-json\/wp\/v2\/media\/544946"}],"wp:attachment":[{"href":"https:\/\/tilefly.com\/es\/wp-json\/wp\/v2\/media?parent=544958"}],"wp:term":[{"taxonomy":"product_brand","embeddable":true,"href":"https:\/\/tilefly.com\/es\/wp-json\/wp\/v2\/product_brand?post=544958"},{"taxonomy":"product_cat","embeddable":true,"href":"https:\/\/tilefly.com\/es\/wp-json\/wp\/v2\/product_cat?post=544958"},{"taxonomy":"product_tag","embeddable":true,"href":"https:\/\/tilefly.com\/es\/wp-json\/wp\/v2\/product_tag?post=544958"}],"curies":[{"name":"wp","href":"https:\/\/api.w.org\/{rel}","templated":true}]}}