{"id":544944,"date":"2024-11-14T20:12:13","date_gmt":"2024-11-14T19:12:13","guid":{"rendered":"https:\/\/tilefly.com\/producto\/spectrum-snow-75x30\/"},"modified":"2025-10-29T09:27:13","modified_gmt":"2025-10-29T08:27:13","slug":"spectrum-snow-75x30","status":"publish","type":"product","link":"https:\/\/tilefly.com\/es\/producto\/spectrum-snow-75x30\/","title":{"rendered":"SPECTRUM SNOW 7,5X30"},"content":{"rendered":"<h2><strong>SPECTRUM SNOW 7,5X30<\/strong><\/h2><p>El <em>Spectrum Snow 7,5X30<\/em> en color nieve es un revestimiento de pasta blanca brillante que a\u00f1ade luz y amplitud a los espacios. Su dise\u00f1o decorativo y formato tipo metro lo convierten en una opci\u00f3n vers\u00e1til para interiores modernos.<\/p><p>Explora la <a href='https:\/\/tilefly.com\/producto\/reality\/'>Serie Reality<\/a> y encuentra inspiraci\u00f3n para tus paredes.<\/p>","protected":false},"excerpt":{"rendered":"<p>SPECTRUM SNOW 7,5X30El Spectrum Snow 7,5X30 en color nieve es un revestimiento de pasta blanca brillante que a\u00f1ade luz y amplitud a los espacios. Su dise\u00f1o decorativo y formato tipo metro lo convierten en una opci\u00f3n vers\u00e1til para interiores modernos.Explora la Serie Reality y encuentra inspiraci\u00f3n para tus paredes.<\/p>\n","protected":false},"featured_media":544920,"comment_status":"open","ping_status":"closed","template":"","meta":[],"product_brand":[],"product_cat":[305,306,304],"product_tag":[],"class_list":{"0":"post-544944","1":"product","2":"type-product","3":"status-publish","4":"has-post-thumbnail","6":"product_cat-banos","7":"product_cat-cocina","8":"product_cat-revestimiento","10":"first","11":"instock","12":"shipping-taxable","13":"purchasable","14":"product-type-simple"},"_links":{"self":[{"href":"https:\/\/tilefly.com\/es\/wp-json\/wp\/v2\/product\/544944","targetHints":{"allow":["GET"]}}],"collection":[{"href":"https:\/\/tilefly.com\/es\/wp-json\/wp\/v2\/product"}],"about":[{"href":"https:\/\/tilefly.com\/es\/wp-json\/wp\/v2\/types\/product"}],"replies":[{"embeddable":true,"href":"https:\/\/tilefly.com\/es\/wp-json\/wp\/v2\/comments?post=544944"}],"wp:featuredmedia":[{"embeddable":true,"href":"https:\/\/tilefly.com\/es\/wp-json\/wp\/v2\/media\/544920"}],"wp:attachment":[{"href":"https:\/\/tilefly.com\/es\/wp-json\/wp\/v2\/media?parent=544944"}],"wp:term":[{"taxonomy":"product_brand","embeddable":true,"href":"https:\/\/tilefly.com\/es\/wp-json\/wp\/v2\/product_brand?post=544944"},{"taxonomy":"product_cat","embeddable":true,"href":"https:\/\/tilefly.com\/es\/wp-json\/wp\/v2\/product_cat?post=544944"},{"taxonomy":"product_tag","embeddable":true,"href":"https:\/\/tilefly.com\/es\/wp-json\/wp\/v2\/product_tag?post=544944"}],"curies":[{"name":"wp","href":"https:\/\/api.w.org\/{rel}","templated":true}]}}