{"id":544814,"date":"2024-11-14T20:11:26","date_gmt":"2024-11-14T19:11:26","guid":{"rendered":"https:\/\/tilefly.com\/producto\/refraction-wind-75x30\/"},"modified":"2026-02-14T04:15:46","modified_gmt":"2026-02-14T03:15:46","slug":"refraction-wind-75x30","status":"publish","type":"product","link":"https:\/\/tilefly.com\/es\/producto\/refraction-wind-75x30\/","title":{"rendered":"REFRACTION WIND 7,5X30"},"content":{"rendered":"<h2><strong>REFRACTION WIND 7,5X30<\/strong><\/h2><p>El <em>Refraction Wind 7,5X30<\/em> en tono beige es un revestimiento de pasta blanca con un acabado brillante y un dise\u00f1o decorativo que aporta calidez y sofisticaci\u00f3n. Esta pieza de formato peque\u00f1o es perfecta para dar un toque acogedor y moderno a cualquier espacio.<\/p><p>Explora m\u00e1s opciones en la <a href='https:\/\/tilefly.com\/producto\/reality\/'>Serie Reality<\/a> y descubre c\u00f3mo este azulejo tipo metro puede transformar tus paredes.<\/p>","protected":false},"excerpt":{"rendered":"<p>REFRACTION WIND 7,5X30El Refraction Wind 7,5X30 en tono beige es un revestimiento de pasta blanca con un acabado brillante y un dise\u00f1o decorativo que aporta calidez y sofisticaci\u00f3n. Esta pieza de formato peque\u00f1o es perfecta para dar un toque acogedor y moderno a cualquier espacio.Explora m\u00e1s opciones en la Serie Reality y descubre c\u00f3mo este [&hellip;]<\/p>\n","protected":false},"featured_media":544790,"comment_status":"open","ping_status":"closed","template":"","meta":[],"product_brand":[],"product_cat":[305,306,304],"product_tag":[],"class_list":{"0":"post-544814","1":"product","2":"type-product","3":"status-publish","4":"has-post-thumbnail","6":"product_cat-banos","7":"product_cat-cocina","8":"product_cat-revestimiento","10":"first","11":"instock","12":"shipping-taxable","13":"purchasable","14":"product-type-simple"},"_links":{"self":[{"href":"https:\/\/tilefly.com\/es\/wp-json\/wp\/v2\/product\/544814","targetHints":{"allow":["GET"]}}],"collection":[{"href":"https:\/\/tilefly.com\/es\/wp-json\/wp\/v2\/product"}],"about":[{"href":"https:\/\/tilefly.com\/es\/wp-json\/wp\/v2\/types\/product"}],"replies":[{"embeddable":true,"href":"https:\/\/tilefly.com\/es\/wp-json\/wp\/v2\/comments?post=544814"}],"wp:featuredmedia":[{"embeddable":true,"href":"https:\/\/tilefly.com\/es\/wp-json\/wp\/v2\/media\/544790"}],"wp:attachment":[{"href":"https:\/\/tilefly.com\/es\/wp-json\/wp\/v2\/media?parent=544814"}],"wp:term":[{"taxonomy":"product_brand","embeddable":true,"href":"https:\/\/tilefly.com\/es\/wp-json\/wp\/v2\/product_brand?post=544814"},{"taxonomy":"product_cat","embeddable":true,"href":"https:\/\/tilefly.com\/es\/wp-json\/wp\/v2\/product_cat?post=544814"},{"taxonomy":"product_tag","embeddable":true,"href":"https:\/\/tilefly.com\/es\/wp-json\/wp\/v2\/product_tag?post=544814"}],"curies":[{"name":"wp","href":"https:\/\/api.w.org\/{rel}","templated":true}]}}