{"id":544731,"date":"2024-11-14T20:10:41","date_gmt":"2024-11-14T19:10:41","guid":{"rendered":"https:\/\/tilefly.com\/producto\/refraction-snow-75x30\/"},"modified":"2025-10-29T09:27:07","modified_gmt":"2025-10-29T08:27:07","slug":"refraction-snow-75x30","status":"publish","type":"product","link":"https:\/\/tilefly.com\/es\/producto\/refraction-snow-75x30\/","title":{"rendered":"REFRACTION SNOW 7,5X30"},"content":{"rendered":"<h2><strong>REFRACTION SNOW 7,5X30<\/strong><\/h2><p>El <em>Refraction Snow 7,5X30<\/em> en tono nieve es un revestimiento brillante de pasta blanca, ideal para dar luminosidad y amplitud a cualquier espacio. Su dise\u00f1o decorativo y peque\u00f1o formato lo convierten en una opci\u00f3n vers\u00e1til para interiores modernos.<\/p><p>Explora la <a href='https:\/\/tilefly.com\/producto\/reality\/'>Serie Reality<\/a> y descubre c\u00f3mo este azulejo tipo metro puede complementar cualquier estilo decorativo.<\/p>","protected":false},"excerpt":{"rendered":"<p>REFRACTION SNOW 7,5X30El Refraction Snow 7,5X30 en tono nieve es un revestimiento brillante de pasta blanca, ideal para dar luminosidad y amplitud a cualquier espacio. Su dise\u00f1o decorativo y peque\u00f1o formato lo convierten en una opci\u00f3n vers\u00e1til para interiores modernos.Explora la Serie Reality y descubre c\u00f3mo este azulejo tipo metro puede complementar cualquier estilo decorativo.<\/p>\n","protected":false},"featured_media":544712,"comment_status":"open","ping_status":"closed","template":"","meta":[],"product_brand":[],"product_cat":[305,306,304],"product_tag":[],"class_list":{"0":"post-544731","1":"product","2":"type-product","3":"status-publish","4":"has-post-thumbnail","6":"product_cat-banos","7":"product_cat-cocina","8":"product_cat-revestimiento","10":"first","11":"instock","12":"shipping-taxable","13":"purchasable","14":"product-type-simple"},"_links":{"self":[{"href":"https:\/\/tilefly.com\/es\/wp-json\/wp\/v2\/product\/544731","targetHints":{"allow":["GET"]}}],"collection":[{"href":"https:\/\/tilefly.com\/es\/wp-json\/wp\/v2\/product"}],"about":[{"href":"https:\/\/tilefly.com\/es\/wp-json\/wp\/v2\/types\/product"}],"replies":[{"embeddable":true,"href":"https:\/\/tilefly.com\/es\/wp-json\/wp\/v2\/comments?post=544731"}],"wp:featuredmedia":[{"embeddable":true,"href":"https:\/\/tilefly.com\/es\/wp-json\/wp\/v2\/media\/544712"}],"wp:attachment":[{"href":"https:\/\/tilefly.com\/es\/wp-json\/wp\/v2\/media?parent=544731"}],"wp:term":[{"taxonomy":"product_brand","embeddable":true,"href":"https:\/\/tilefly.com\/es\/wp-json\/wp\/v2\/product_brand?post=544731"},{"taxonomy":"product_cat","embeddable":true,"href":"https:\/\/tilefly.com\/es\/wp-json\/wp\/v2\/product_cat?post=544731"},{"taxonomy":"product_tag","embeddable":true,"href":"https:\/\/tilefly.com\/es\/wp-json\/wp\/v2\/product_tag?post=544731"}],"curies":[{"name":"wp","href":"https:\/\/api.w.org\/{rel}","templated":true}]}}