{"id":544659,"date":"2024-11-14T20:09:36","date_gmt":"2024-11-14T19:09:36","guid":{"rendered":"https:\/\/tilefly.com\/producto\/reality-wind-75x30\/"},"modified":"2025-10-29T09:27:03","modified_gmt":"2025-10-29T08:27:03","slug":"reality-wind-75x30","status":"publish","type":"product","link":"https:\/\/tilefly.com\/es\/producto\/reality-wind-75x30\/","title":{"rendered":"REALITY WIND 7,5X30"},"content":{"rendered":"<h2><strong>REALITY WIND 7,5X30<\/strong><\/h2><p>El <em>Reality Wind 7,5X30<\/em> en tono beige es un revestimiento decorativo con acabado brillante, ideal para dar un toque c\u00e1lido y sofisticado a los interiores. Su dise\u00f1o en pasta blanca y formato tipo metro le confiere una est\u00e9tica moderna con un encanto cl\u00e1sico.<\/p><p>Explora la <a href='https:\/\/tilefly.com\/producto\/reality\/'>Serie Reality<\/a> y descubre c\u00f3mo este dise\u00f1o puede transformar tus espacios con su elegancia y volumen.<\/p>","protected":false},"excerpt":{"rendered":"<p>REALITY WIND 7,5X30El Reality Wind 7,5X30 en tono beige es un revestimiento decorativo con acabado brillante, ideal para dar un toque c\u00e1lido y sofisticado a los interiores. Su dise\u00f1o en pasta blanca y formato tipo metro le confiere una est\u00e9tica moderna con un encanto cl\u00e1sico.Explora la Serie Reality y descubre c\u00f3mo este dise\u00f1o puede transformar [&hellip;]<\/p>\n","protected":false},"featured_media":544647,"comment_status":"open","ping_status":"closed","template":"","meta":[],"product_brand":[],"product_cat":[305,306,304],"product_tag":[],"class_list":{"0":"post-544659","1":"product","2":"type-product","3":"status-publish","4":"has-post-thumbnail","6":"product_cat-banos","7":"product_cat-cocina","8":"product_cat-revestimiento","10":"first","11":"instock","12":"shipping-taxable","13":"purchasable","14":"product-type-simple"},"_links":{"self":[{"href":"https:\/\/tilefly.com\/es\/wp-json\/wp\/v2\/product\/544659","targetHints":{"allow":["GET"]}}],"collection":[{"href":"https:\/\/tilefly.com\/es\/wp-json\/wp\/v2\/product"}],"about":[{"href":"https:\/\/tilefly.com\/es\/wp-json\/wp\/v2\/types\/product"}],"replies":[{"embeddable":true,"href":"https:\/\/tilefly.com\/es\/wp-json\/wp\/v2\/comments?post=544659"}],"wp:featuredmedia":[{"embeddable":true,"href":"https:\/\/tilefly.com\/es\/wp-json\/wp\/v2\/media\/544647"}],"wp:attachment":[{"href":"https:\/\/tilefly.com\/es\/wp-json\/wp\/v2\/media?parent=544659"}],"wp:term":[{"taxonomy":"product_brand","embeddable":true,"href":"https:\/\/tilefly.com\/es\/wp-json\/wp\/v2\/product_brand?post=544659"},{"taxonomy":"product_cat","embeddable":true,"href":"https:\/\/tilefly.com\/es\/wp-json\/wp\/v2\/product_cat?post=544659"},{"taxonomy":"product_tag","embeddable":true,"href":"https:\/\/tilefly.com\/es\/wp-json\/wp\/v2\/product_tag?post=544659"}],"curies":[{"name":"wp","href":"https:\/\/api.w.org\/{rel}","templated":true}]}}