{"id":544633,"date":"2024-11-14T20:09:24","date_gmt":"2024-11-14T19:09:24","guid":{"rendered":"https:\/\/tilefly.com\/producto\/reality-night-75x30\/"},"modified":"2025-10-29T09:27:01","modified_gmt":"2025-10-29T08:27:01","slug":"reality-night-75x30","status":"publish","type":"product","link":"https:\/\/tilefly.com\/es\/producto\/reality-night-75x30\/","title":{"rendered":"REALITY NIGHT 7,5X30"},"content":{"rendered":"<h2><strong>REALITY NIGHT 7,5X30<\/strong><\/h2><p>El <em>Reality Night 7,5X30<\/em> en tono gris es un revestimiento brillante de pasta blanca que aporta sobriedad y elegancia a cualquier espacio. Su dise\u00f1o decorativo con volumen le da un toque sofisticado y moderno, perfecto para quienes buscan un estilo contempor\u00e1neo.<\/p><p>Conoce m\u00e1s de la <a href='https:\/\/tilefly.com\/producto\/reality\/'>Serie Reality<\/a> y encuentra la inspiraci\u00f3n para transformar tus espacios con esta pieza \u00fanica.<\/p>","protected":false},"excerpt":{"rendered":"<p>REALITY NIGHT 7,5X30El Reality Night 7,5X30 en tono gris es un revestimiento brillante de pasta blanca que aporta sobriedad y elegancia a cualquier espacio. Su dise\u00f1o decorativo con volumen le da un toque sofisticado y moderno, perfecto para quienes buscan un estilo contempor\u00e1neo.Conoce m\u00e1s de la Serie Reality y encuentra la inspiraci\u00f3n para transformar tus [&hellip;]<\/p>\n","protected":false},"featured_media":544621,"comment_status":"open","ping_status":"closed","template":"","meta":[],"product_brand":[],"product_cat":[305,306,304],"product_tag":[],"class_list":{"0":"post-544633","1":"product","2":"type-product","3":"status-publish","4":"has-post-thumbnail","6":"product_cat-banos","7":"product_cat-cocina","8":"product_cat-revestimiento","10":"first","11":"instock","12":"shipping-taxable","13":"purchasable","14":"product-type-simple"},"_links":{"self":[{"href":"https:\/\/tilefly.com\/es\/wp-json\/wp\/v2\/product\/544633","targetHints":{"allow":["GET"]}}],"collection":[{"href":"https:\/\/tilefly.com\/es\/wp-json\/wp\/v2\/product"}],"about":[{"href":"https:\/\/tilefly.com\/es\/wp-json\/wp\/v2\/types\/product"}],"replies":[{"embeddable":true,"href":"https:\/\/tilefly.com\/es\/wp-json\/wp\/v2\/comments?post=544633"}],"wp:featuredmedia":[{"embeddable":true,"href":"https:\/\/tilefly.com\/es\/wp-json\/wp\/v2\/media\/544621"}],"wp:attachment":[{"href":"https:\/\/tilefly.com\/es\/wp-json\/wp\/v2\/media?parent=544633"}],"wp:term":[{"taxonomy":"product_brand","embeddable":true,"href":"https:\/\/tilefly.com\/es\/wp-json\/wp\/v2\/product_brand?post=544633"},{"taxonomy":"product_cat","embeddable":true,"href":"https:\/\/tilefly.com\/es\/wp-json\/wp\/v2\/product_cat?post=544633"},{"taxonomy":"product_tag","embeddable":true,"href":"https:\/\/tilefly.com\/es\/wp-json\/wp\/v2\/product_tag?post=544633"}],"curies":[{"name":"wp","href":"https:\/\/api.w.org\/{rel}","templated":true}]}}