{"id":544620,"date":"2024-11-14T20:09:11","date_gmt":"2024-11-14T19:09:11","guid":{"rendered":"https:\/\/tilefly.com\/producto\/reality-snow-75x30\/"},"modified":"2025-10-29T09:27:00","modified_gmt":"2025-10-29T08:27:00","slug":"reality-snow-75x30","status":"publish","type":"product","link":"https:\/\/tilefly.com\/es\/producto\/reality-snow-75x30\/","title":{"rendered":"REALITY SNOW 7,5X30"},"content":{"rendered":"<h2><strong>REALITY SNOW 7,5X30<\/strong><\/h2><p>El <em>Reality Snow 7,5X30<\/em> en tono nieve es un revestimiento brillante de pasta blanca que destaca por su elegancia y estilo decorativo. Esta pieza en formato peque\u00f1o a\u00f1ade luz y amplitud a los espacios, siendo ideal para interiores que buscan una est\u00e9tica moderna y atemporal.<\/p><p>Parte de la <a href='https:\/\/tilefly.com\/producto\/reality\/'>Serie Reality<\/a>, este azulejo tipo metro es perfecto para combinar y crear un efecto \u00fanico en tus paredes.<\/p>","protected":false},"excerpt":{"rendered":"<p>REALITY SNOW 7,5X30El Reality Snow 7,5X30 en tono nieve es un revestimiento brillante de pasta blanca que destaca por su elegancia y estilo decorativo. Esta pieza en formato peque\u00f1o a\u00f1ade luz y amplitud a los espacios, siendo ideal para interiores que buscan una est\u00e9tica moderna y atemporal.Parte de la Serie Reality, este azulejo tipo metro [&hellip;]<\/p>\n","protected":false},"featured_media":544608,"comment_status":"open","ping_status":"closed","template":"","meta":[],"product_brand":[],"product_cat":[305,306,304],"product_tag":[],"class_list":{"0":"post-544620","1":"product","2":"type-product","3":"status-publish","4":"has-post-thumbnail","6":"product_cat-banos","7":"product_cat-cocina","8":"product_cat-revestimiento","10":"first","11":"instock","12":"shipping-taxable","13":"purchasable","14":"product-type-simple"},"_links":{"self":[{"href":"https:\/\/tilefly.com\/es\/wp-json\/wp\/v2\/product\/544620","targetHints":{"allow":["GET"]}}],"collection":[{"href":"https:\/\/tilefly.com\/es\/wp-json\/wp\/v2\/product"}],"about":[{"href":"https:\/\/tilefly.com\/es\/wp-json\/wp\/v2\/types\/product"}],"replies":[{"embeddable":true,"href":"https:\/\/tilefly.com\/es\/wp-json\/wp\/v2\/comments?post=544620"}],"wp:featuredmedia":[{"embeddable":true,"href":"https:\/\/tilefly.com\/es\/wp-json\/wp\/v2\/media\/544608"}],"wp:attachment":[{"href":"https:\/\/tilefly.com\/es\/wp-json\/wp\/v2\/media?parent=544620"}],"wp:term":[{"taxonomy":"product_brand","embeddable":true,"href":"https:\/\/tilefly.com\/es\/wp-json\/wp\/v2\/product_brand?post=544620"},{"taxonomy":"product_cat","embeddable":true,"href":"https:\/\/tilefly.com\/es\/wp-json\/wp\/v2\/product_cat?post=544620"},{"taxonomy":"product_tag","embeddable":true,"href":"https:\/\/tilefly.com\/es\/wp-json\/wp\/v2\/product_tag?post=544620"}],"curies":[{"name":"wp","href":"https:\/\/api.w.org\/{rel}","templated":true}]}}