{"id":544594,"date":"2024-11-14T20:08:39","date_gmt":"2024-11-14T19:08:39","guid":{"rendered":"https:\/\/tilefly.com\/producto\/reality-river-75x30\/"},"modified":"2025-10-29T09:26:58","modified_gmt":"2025-10-29T08:26:58","slug":"reality-river-75x30","status":"publish","type":"product","link":"https:\/\/tilefly.com\/es\/producto\/reality-river-75x30\/","title":{"rendered":"REALITY RIVER 7,5X30"},"content":{"rendered":"<h2><strong>REALITY RIVER 7,5X30<\/strong><\/h2><p>El <em>Reality River 7,5X30<\/em> en tono azul es un revestimiento de pasta blanca que destaca por su acabado brillante y su dise\u00f1o decorativo. Inspirado en el cl\u00e1sico azulejo tipo metro, esta pieza a\u00f1ade un toque contempor\u00e1neo gracias a su vibrante color y detalles en volumen.<\/p><p>Perfecto para quienes buscan darle un toque de frescura y modernidad a sus espacios, el <em>Reality River<\/em> es ideal para combinar con otras piezas de la <a href='https:\/\/tilefly.com\/producto\/reality\/'>Serie Reality<\/a> y crear un resultado deslumbrante.<\/p>","protected":false},"excerpt":{"rendered":"<p>REALITY RIVER 7,5X30El Reality River 7,5X30 en tono azul es un revestimiento de pasta blanca que destaca por su acabado brillante y su dise\u00f1o decorativo. Inspirado en el cl\u00e1sico azulejo tipo metro, esta pieza a\u00f1ade un toque contempor\u00e1neo gracias a su vibrante color y detalles en volumen.Perfecto para quienes buscan darle un toque de frescura [&hellip;]<\/p>\n","protected":false},"featured_media":544582,"comment_status":"open","ping_status":"closed","template":"","meta":[],"product_brand":[],"product_cat":[305,306,304],"product_tag":[],"class_list":{"0":"post-544594","1":"product","2":"type-product","3":"status-publish","4":"has-post-thumbnail","6":"product_cat-banos","7":"product_cat-cocina","8":"product_cat-revestimiento","10":"first","11":"instock","12":"shipping-taxable","13":"purchasable","14":"product-type-simple"},"_links":{"self":[{"href":"https:\/\/tilefly.com\/es\/wp-json\/wp\/v2\/product\/544594","targetHints":{"allow":["GET"]}}],"collection":[{"href":"https:\/\/tilefly.com\/es\/wp-json\/wp\/v2\/product"}],"about":[{"href":"https:\/\/tilefly.com\/es\/wp-json\/wp\/v2\/types\/product"}],"replies":[{"embeddable":true,"href":"https:\/\/tilefly.com\/es\/wp-json\/wp\/v2\/comments?post=544594"}],"wp:featuredmedia":[{"embeddable":true,"href":"https:\/\/tilefly.com\/es\/wp-json\/wp\/v2\/media\/544582"}],"wp:attachment":[{"href":"https:\/\/tilefly.com\/es\/wp-json\/wp\/v2\/media?parent=544594"}],"wp:term":[{"taxonomy":"product_brand","embeddable":true,"href":"https:\/\/tilefly.com\/es\/wp-json\/wp\/v2\/product_brand?post=544594"},{"taxonomy":"product_cat","embeddable":true,"href":"https:\/\/tilefly.com\/es\/wp-json\/wp\/v2\/product_cat?post=544594"},{"taxonomy":"product_tag","embeddable":true,"href":"https:\/\/tilefly.com\/es\/wp-json\/wp\/v2\/product_tag?post=544594"}],"curies":[{"name":"wp","href":"https:\/\/api.w.org\/{rel}","templated":true}]}}