{"id":544553,"date":"2024-11-14T20:05:43","date_gmt":"2024-11-14T19:05:43","guid":{"rendered":"https:\/\/tilefly.com\/producto\/lattice-toasted-rect-30x90\/"},"modified":"2025-10-29T09:26:55","modified_gmt":"2025-10-29T08:26:55","slug":"lattice-toasted-rect-30x90","status":"publish","type":"product","link":"https:\/\/tilefly.com\/es\/producto\/lattice-toasted-rect-30x90\/","title":{"rendered":"LATTICE TOASTED RECT 30X90"},"content":{"rendered":"<h2><strong>LATTICE TOASTED RECT 30X90<\/strong><\/h2><p>El <em>Lattice Toasted Rect 30X90<\/em> es un revestimiento en tono beige que combina la textura suave del acabado mate con un dise\u00f1o de imitaci\u00f3n cemento. Ideal para interiores que buscan una est\u00e9tica c\u00e1lida y moderna, esta pieza de pasta blanca resalta por su naturalidad.<\/p><p>Descubre m\u00e1s sobre este y otros productos en la <a href='https:\/\/tilefly.com\/producto\/raw\/'>Serie Raw<\/a> y dale un toque de autenticidad a tus espacios.<\/p>","protected":false},"excerpt":{"rendered":"<p>LATTICE TOASTED RECT 30X90El Lattice Toasted Rect 30X90 es un revestimiento en tono beige que combina la textura suave del acabado mate con un dise\u00f1o de imitaci\u00f3n cemento. Ideal para interiores que buscan una est\u00e9tica c\u00e1lida y moderna, esta pieza de pasta blanca resalta por su naturalidad.Descubre m\u00e1s sobre este y otros productos en la [&hellip;]<\/p>\n","protected":false},"featured_media":544529,"comment_status":"open","ping_status":"closed","template":"","meta":[],"product_brand":[],"product_cat":[305,306,304],"product_tag":[],"class_list":{"0":"post-544553","1":"product","2":"type-product","3":"status-publish","4":"has-post-thumbnail","6":"product_cat-banos","7":"product_cat-cocina","8":"product_cat-revestimiento","10":"first","11":"instock","12":"shipping-taxable","13":"purchasable","14":"product-type-simple"},"_links":{"self":[{"href":"https:\/\/tilefly.com\/es\/wp-json\/wp\/v2\/product\/544553","targetHints":{"allow":["GET"]}}],"collection":[{"href":"https:\/\/tilefly.com\/es\/wp-json\/wp\/v2\/product"}],"about":[{"href":"https:\/\/tilefly.com\/es\/wp-json\/wp\/v2\/types\/product"}],"replies":[{"embeddable":true,"href":"https:\/\/tilefly.com\/es\/wp-json\/wp\/v2\/comments?post=544553"}],"wp:featuredmedia":[{"embeddable":true,"href":"https:\/\/tilefly.com\/es\/wp-json\/wp\/v2\/media\/544529"}],"wp:attachment":[{"href":"https:\/\/tilefly.com\/es\/wp-json\/wp\/v2\/media?parent=544553"}],"wp:term":[{"taxonomy":"product_brand","embeddable":true,"href":"https:\/\/tilefly.com\/es\/wp-json\/wp\/v2\/product_brand?post=544553"},{"taxonomy":"product_cat","embeddable":true,"href":"https:\/\/tilefly.com\/es\/wp-json\/wp\/v2\/product_cat?post=544553"},{"taxonomy":"product_tag","embeddable":true,"href":"https:\/\/tilefly.com\/es\/wp-json\/wp\/v2\/product_tag?post=544553"}],"curies":[{"name":"wp","href":"https:\/\/api.w.org\/{rel}","templated":true}]}}