{"id":544489,"date":"2024-11-14T20:05:28","date_gmt":"2024-11-14T19:05:28","guid":{"rendered":"https:\/\/tilefly.com\/producto\/raw-toasted-smooth-rect-60x60\/"},"modified":"2025-10-29T09:26:53","modified_gmt":"2025-10-29T08:26:53","slug":"raw-toasted-smooth-rect-60x60","status":"publish","type":"product","link":"https:\/\/tilefly.com\/es\/producto\/raw-toasted-smooth-rect-60x60\/","title":{"rendered":"RAW TOASTED SMOOTH RECT 60X60"},"content":{"rendered":"<h2><strong>RAW TOASTED SMOOTH RECT 60X60<\/strong><\/h2><p>El <em>Raw Toasted Smooth Rect 60X60<\/em> en tono beige ofrece una est\u00e9tica c\u00e1lida y natural para pavimentos. Con su acabado mate y textura de imitaci\u00f3n cemento, esta pieza porcel\u00e1nica es perfecta para quienes buscan un dise\u00f1o acogedor y elegante.<\/p><p>Explora la <a href='https:\/\/tilefly.com\/producto\/raw\/'>Serie Raw<\/a> y transforma tus espacios con un estilo inspirado en los materiales naturales y esenciales.<\/p>","protected":false},"excerpt":{"rendered":"<p>RAW TOASTED SMOOTH RECT 60X60El Raw Toasted Smooth Rect 60X60 en tono beige ofrece una est\u00e9tica c\u00e1lida y natural para pavimentos. Con su acabado mate y textura de imitaci\u00f3n cemento, esta pieza porcel\u00e1nica es perfecta para quienes buscan un dise\u00f1o acogedor y elegante.Explora la Serie Raw y transforma tus espacios con un estilo inspirado en [&hellip;]<\/p>\n","protected":false},"featured_media":544477,"comment_status":"open","ping_status":"closed","template":"","meta":[],"product_brand":[],"product_cat":[846,847,848,827],"product_tag":[],"class_list":{"0":"post-544489","1":"product","2":"type-product","3":"status-publish","4":"has-post-thumbnail","6":"product_cat-piastrelle","7":"product_cat-bagni","8":"product_cat-cucine","9":"product_cat-rivestimento","11":"first","12":"instock","13":"shipping-taxable","14":"purchasable","15":"product-type-simple"},"_links":{"self":[{"href":"https:\/\/tilefly.com\/es\/wp-json\/wp\/v2\/product\/544489","targetHints":{"allow":["GET"]}}],"collection":[{"href":"https:\/\/tilefly.com\/es\/wp-json\/wp\/v2\/product"}],"about":[{"href":"https:\/\/tilefly.com\/es\/wp-json\/wp\/v2\/types\/product"}],"replies":[{"embeddable":true,"href":"https:\/\/tilefly.com\/es\/wp-json\/wp\/v2\/comments?post=544489"}],"wp:featuredmedia":[{"embeddable":true,"href":"https:\/\/tilefly.com\/es\/wp-json\/wp\/v2\/media\/544477"}],"wp:attachment":[{"href":"https:\/\/tilefly.com\/es\/wp-json\/wp\/v2\/media?parent=544489"}],"wp:term":[{"taxonomy":"product_brand","embeddable":true,"href":"https:\/\/tilefly.com\/es\/wp-json\/wp\/v2\/product_brand?post=544489"},{"taxonomy":"product_cat","embeddable":true,"href":"https:\/\/tilefly.com\/es\/wp-json\/wp\/v2\/product_cat?post=544489"},{"taxonomy":"product_tag","embeddable":true,"href":"https:\/\/tilefly.com\/es\/wp-json\/wp\/v2\/product_tag?post=544489"}],"curies":[{"name":"wp","href":"https:\/\/api.w.org\/{rel}","templated":true}]}}