{"id":544463,"date":"2024-11-14T20:05:20","date_gmt":"2024-11-14T19:05:20","guid":{"rendered":"https:\/\/tilefly.com\/producto\/raw-cotton-smooth-rect-60x60\/"},"modified":"2025-10-29T09:26:52","modified_gmt":"2025-10-29T08:26:52","slug":"raw-cotton-smooth-rect-60x60","status":"publish","type":"product","link":"https:\/\/tilefly.com\/es\/producto\/raw-cotton-smooth-rect-60x60\/","title":{"rendered":"RAW COTTON SMOOTH RECT 60X60"},"content":{"rendered":"<h2><strong>RAW COTTON SMOOTH RECT 60X60<\/strong><\/h2><p>El <em>Raw Cotton Smooth Rect 60X60<\/em> en tono gris es un pavimento porcel\u00e1nico que combina un acabado mate y un dise\u00f1o de imitaci\u00f3n cemento. Esta pieza es ideal para quienes buscan crear un ambiente sobrio y elegante, con un toque de modernidad y naturalidad.<\/p><p>Descubre m\u00e1s sobre este dise\u00f1o y otros en la <a href='https:\/\/tilefly.com\/producto\/raw\/'>Serie Raw<\/a>, una colecci\u00f3n que apuesta por los materiales esenciales.<\/p>","protected":false},"excerpt":{"rendered":"<p>RAW COTTON SMOOTH RECT 60X60El Raw Cotton Smooth Rect 60X60 en tono gris es un pavimento porcel\u00e1nico que combina un acabado mate y un dise\u00f1o de imitaci\u00f3n cemento. Esta pieza es ideal para quienes buscan crear un ambiente sobrio y elegante, con un toque de modernidad y naturalidad.Descubre m\u00e1s sobre este dise\u00f1o y otros en [&hellip;]<\/p>\n","protected":false},"featured_media":544451,"comment_status":"open","ping_status":"closed","template":"","meta":[],"product_brand":[],"product_cat":[303,305,306,304],"product_tag":[],"class_list":{"0":"post-544463","1":"product","2":"type-product","3":"status-publish","4":"has-post-thumbnail","6":"product_cat-baldosas","7":"product_cat-banos","8":"product_cat-cocina","9":"product_cat-revestimiento","11":"first","12":"instock","13":"shipping-taxable","14":"purchasable","15":"product-type-simple"},"_links":{"self":[{"href":"https:\/\/tilefly.com\/es\/wp-json\/wp\/v2\/product\/544463","targetHints":{"allow":["GET"]}}],"collection":[{"href":"https:\/\/tilefly.com\/es\/wp-json\/wp\/v2\/product"}],"about":[{"href":"https:\/\/tilefly.com\/es\/wp-json\/wp\/v2\/types\/product"}],"replies":[{"embeddable":true,"href":"https:\/\/tilefly.com\/es\/wp-json\/wp\/v2\/comments?post=544463"}],"wp:featuredmedia":[{"embeddable":true,"href":"https:\/\/tilefly.com\/es\/wp-json\/wp\/v2\/media\/544451"}],"wp:attachment":[{"href":"https:\/\/tilefly.com\/es\/wp-json\/wp\/v2\/media?parent=544463"}],"wp:term":[{"taxonomy":"product_brand","embeddable":true,"href":"https:\/\/tilefly.com\/es\/wp-json\/wp\/v2\/product_brand?post=544463"},{"taxonomy":"product_cat","embeddable":true,"href":"https:\/\/tilefly.com\/es\/wp-json\/wp\/v2\/product_cat?post=544463"},{"taxonomy":"product_tag","embeddable":true,"href":"https:\/\/tilefly.com\/es\/wp-json\/wp\/v2\/product_tag?post=544463"}],"curies":[{"name":"wp","href":"https:\/\/api.w.org\/{rel}","templated":true}]}}