{"id":544437,"date":"2024-11-14T20:04:58","date_gmt":"2024-11-14T19:04:58","guid":{"rendered":"https:\/\/tilefly.com\/producto\/polan-mix-toasted-rect-30x90\/"},"modified":"2025-10-29T09:26:49","modified_gmt":"2025-10-29T08:26:49","slug":"polan-mix-toasted-rect-30x90","status":"publish","type":"product","link":"https:\/\/tilefly.com\/es\/producto\/polan-mix-toasted-rect-30x90\/","title":{"rendered":"POLAN MIX TOASTED RECT 30X90"},"content":{"rendered":"<h2><strong>POLAN MIX TOASTED RECT 30X90<\/strong><\/h2><p>El <em>Polan Mix Toasted Rect 30X90<\/em> ofrece un decorado floral en tonos variados que evoca la frescura de la naturaleza. Este revestimiento en pasta blanca con acabado mate y textura de imitaci\u00f3n cemento es perfecto para quienes buscan un dise\u00f1o que combine calidez y estilo.<\/p><p>Explora m\u00e1s sobre esta y otras opciones en la <a href='https:\/\/tilefly.com\/producto\/raw\/'>Serie Raw<\/a> y lleva la belleza de los gr\u00e1ficos florales a tus espacios.<\/p>","protected":false},"excerpt":{"rendered":"<p>POLAN MIX TOASTED RECT 30X90El Polan Mix Toasted Rect 30X90 ofrece un decorado floral en tonos variados que evoca la frescura de la naturaleza. Este revestimiento en pasta blanca con acabado mate y textura de imitaci\u00f3n cemento es perfecto para quienes buscan un dise\u00f1o que combine calidez y estilo.Explora m\u00e1s sobre esta y otras opciones [&hellip;]<\/p>\n","protected":false},"featured_media":544425,"comment_status":"open","ping_status":"closed","template":"","meta":[],"product_brand":[],"product_cat":[847,848,827],"product_tag":[],"class_list":{"0":"post-544437","1":"product","2":"type-product","3":"status-publish","4":"has-post-thumbnail","6":"product_cat-bagni","7":"product_cat-cucine","8":"product_cat-rivestimento","10":"first","11":"instock","12":"shipping-taxable","13":"purchasable","14":"product-type-simple"},"_links":{"self":[{"href":"https:\/\/tilefly.com\/es\/wp-json\/wp\/v2\/product\/544437","targetHints":{"allow":["GET"]}}],"collection":[{"href":"https:\/\/tilefly.com\/es\/wp-json\/wp\/v2\/product"}],"about":[{"href":"https:\/\/tilefly.com\/es\/wp-json\/wp\/v2\/types\/product"}],"replies":[{"embeddable":true,"href":"https:\/\/tilefly.com\/es\/wp-json\/wp\/v2\/comments?post=544437"}],"wp:featuredmedia":[{"embeddable":true,"href":"https:\/\/tilefly.com\/es\/wp-json\/wp\/v2\/media\/544425"}],"wp:attachment":[{"href":"https:\/\/tilefly.com\/es\/wp-json\/wp\/v2\/media?parent=544437"}],"wp:term":[{"taxonomy":"product_brand","embeddable":true,"href":"https:\/\/tilefly.com\/es\/wp-json\/wp\/v2\/product_brand?post=544437"},{"taxonomy":"product_cat","embeddable":true,"href":"https:\/\/tilefly.com\/es\/wp-json\/wp\/v2\/product_cat?post=544437"},{"taxonomy":"product_tag","embeddable":true,"href":"https:\/\/tilefly.com\/es\/wp-json\/wp\/v2\/product_tag?post=544437"}],"curies":[{"name":"wp","href":"https:\/\/api.w.org\/{rel}","templated":true}]}}