{"id":544411,"date":"2024-11-14T20:04:46","date_gmt":"2024-11-14T19:04:46","guid":{"rendered":"https:\/\/tilefly.com\/producto\/polan-mix-naive-rect-30x90\/"},"modified":"2025-10-29T09:26:47","modified_gmt":"2025-10-29T08:26:47","slug":"polan-mix-naive-rect-30x90","status":"publish","type":"product","link":"https:\/\/tilefly.com\/es\/producto\/polan-mix-naive-rect-30x90\/","title":{"rendered":"POLAN MIX NAIVE RECT 30X90"},"content":{"rendered":"<h2><strong>POLAN MIX NAIVE RECT 30X90<\/strong><\/h2><p>El <em>Polan Mix Naive Rect 30X90<\/em> es un decorado floral \u00fanico que combina varios tonos para a\u00f1adir dinamismo y frescura a los espacios. Este revestimiento en pasta blanca con acabado mate y textura de imitaci\u00f3n cemento es ideal para quienes buscan un dise\u00f1o original y natural.<\/p><p>Descubre la versatilidad de este decorado en la <a href='https:\/\/tilefly.com\/producto\/raw\/'>Serie Raw<\/a> y transforma tus paredes con un toque floral que inspira serenidad y belleza.<\/p>","protected":false},"excerpt":{"rendered":"<p>POLAN MIX NAIVE RECT 30X90El Polan Mix Naive Rect 30X90 es un decorado floral \u00fanico que combina varios tonos para a\u00f1adir dinamismo y frescura a los espacios. Este revestimiento en pasta blanca con acabado mate y textura de imitaci\u00f3n cemento es ideal para quienes buscan un dise\u00f1o original y natural.Descubre la versatilidad de este decorado [&hellip;]<\/p>\n","protected":false},"featured_media":544399,"comment_status":"open","ping_status":"closed","template":"","meta":[],"product_brand":[],"product_cat":[305,306,304],"product_tag":[],"class_list":{"0":"post-544411","1":"product","2":"type-product","3":"status-publish","4":"has-post-thumbnail","6":"product_cat-banos","7":"product_cat-cocina","8":"product_cat-revestimiento","10":"first","11":"instock","12":"shipping-taxable","13":"purchasable","14":"product-type-simple"},"_links":{"self":[{"href":"https:\/\/tilefly.com\/es\/wp-json\/wp\/v2\/product\/544411","targetHints":{"allow":["GET"]}}],"collection":[{"href":"https:\/\/tilefly.com\/es\/wp-json\/wp\/v2\/product"}],"about":[{"href":"https:\/\/tilefly.com\/es\/wp-json\/wp\/v2\/types\/product"}],"replies":[{"embeddable":true,"href":"https:\/\/tilefly.com\/es\/wp-json\/wp\/v2\/comments?post=544411"}],"wp:featuredmedia":[{"embeddable":true,"href":"https:\/\/tilefly.com\/es\/wp-json\/wp\/v2\/media\/544399"}],"wp:attachment":[{"href":"https:\/\/tilefly.com\/es\/wp-json\/wp\/v2\/media?parent=544411"}],"wp:term":[{"taxonomy":"product_brand","embeddable":true,"href":"https:\/\/tilefly.com\/es\/wp-json\/wp\/v2\/product_brand?post=544411"},{"taxonomy":"product_cat","embeddable":true,"href":"https:\/\/tilefly.com\/es\/wp-json\/wp\/v2\/product_cat?post=544411"},{"taxonomy":"product_tag","embeddable":true,"href":"https:\/\/tilefly.com\/es\/wp-json\/wp\/v2\/product_tag?post=544411"}],"curies":[{"name":"wp","href":"https:\/\/api.w.org\/{rel}","templated":true}]}}