{"id":544333,"date":"2024-11-14T20:04:27","date_gmt":"2024-11-14T19:04:27","guid":{"rendered":"https:\/\/tilefly.com\/producto\/anti-slip-raw-toasted-rect-120x120\/"},"modified":"2025-10-29T09:26:39","modified_gmt":"2025-10-29T08:26:39","slug":"anti-slip-raw-toasted-rect-120x120","status":"publish","type":"product","link":"https:\/\/tilefly.com\/es\/producto\/anti-slip-raw-toasted-rect-120x120\/","title":{"rendered":"ANTI-SLIP RAW TOASTED RECT 120X120"},"content":{"rendered":"<h2><strong>ANTI-SLIP RAW TOASTED RECT 120X120<\/strong><\/h2><p>El <em>Anti-Slip Raw Toasted Rect 120X120<\/em> en tono beige combina un estilo c\u00e1lido y antideslizante, ideal para \u00e1reas exteriores o zonas h\u00famedas. Con un acabado mate y dise\u00f1o de imitaci\u00f3n cemento, esta pieza porcel\u00e1nica es tanto est\u00e9tica como funcional.<\/p><p>Parte de la <a href='https:\/\/tilefly.com\/producto\/raw\/'>Serie Raw<\/a>, este pavimento asegura seguridad y armon\u00eda en cualquier entorno.<\/p>","protected":false},"excerpt":{"rendered":"<p>ANTI-SLIP RAW TOASTED RECT 120X120El Anti-Slip Raw Toasted Rect 120X120 en tono beige combina un estilo c\u00e1lido y antideslizante, ideal para \u00e1reas exteriores o zonas h\u00famedas. Con un acabado mate y dise\u00f1o de imitaci\u00f3n cemento, esta pieza porcel\u00e1nica es tanto est\u00e9tica como funcional.Parte de la Serie Raw, este pavimento asegura seguridad y armon\u00eda en cualquier [&hellip;]<\/p>\n","protected":false},"featured_media":544321,"comment_status":"open","ping_status":"closed","template":"","meta":[],"product_brand":[],"product_cat":[303,305,306,304],"product_tag":[],"class_list":{"0":"post-544333","1":"product","2":"type-product","3":"status-publish","4":"has-post-thumbnail","6":"product_cat-baldosas","7":"product_cat-banos","8":"product_cat-cocina","9":"product_cat-revestimiento","11":"first","12":"instock","13":"shipping-taxable","14":"purchasable","15":"product-type-simple"},"_links":{"self":[{"href":"https:\/\/tilefly.com\/es\/wp-json\/wp\/v2\/product\/544333","targetHints":{"allow":["GET"]}}],"collection":[{"href":"https:\/\/tilefly.com\/es\/wp-json\/wp\/v2\/product"}],"about":[{"href":"https:\/\/tilefly.com\/es\/wp-json\/wp\/v2\/types\/product"}],"replies":[{"embeddable":true,"href":"https:\/\/tilefly.com\/es\/wp-json\/wp\/v2\/comments?post=544333"}],"wp:featuredmedia":[{"embeddable":true,"href":"https:\/\/tilefly.com\/es\/wp-json\/wp\/v2\/media\/544321"}],"wp:attachment":[{"href":"https:\/\/tilefly.com\/es\/wp-json\/wp\/v2\/media?parent=544333"}],"wp:term":[{"taxonomy":"product_brand","embeddable":true,"href":"https:\/\/tilefly.com\/es\/wp-json\/wp\/v2\/product_brand?post=544333"},{"taxonomy":"product_cat","embeddable":true,"href":"https:\/\/tilefly.com\/es\/wp-json\/wp\/v2\/product_cat?post=544333"},{"taxonomy":"product_tag","embeddable":true,"href":"https:\/\/tilefly.com\/es\/wp-json\/wp\/v2\/product_tag?post=544333"}],"curies":[{"name":"wp","href":"https:\/\/api.w.org\/{rel}","templated":true}]}}