{"id":544281,"date":"2024-11-14T20:04:10","date_gmt":"2024-11-14T19:04:10","guid":{"rendered":"https:\/\/tilefly.com\/producto\/raw-cotton-smooth-rect-120x120\/"},"modified":"2026-04-19T04:16:09","modified_gmt":"2026-04-19T02:16:09","slug":"raw-cotton-smooth-rect-120x120","status":"publish","type":"product","link":"https:\/\/tilefly.com\/es\/producto\/raw-cotton-smooth-rect-120x120\/","title":{"rendered":"RAW COTTON SMOOTH RECT 120X120"},"content":{"rendered":"<h2><strong>RAW COTTON SMOOTH RECT 120X120<\/strong><\/h2><p>El <em>Raw Cotton Smooth Rect 120X120<\/em> es un pavimento porcel\u00e1nico en tono gris que ofrece un acabado mate, ideal para quienes buscan un dise\u00f1o elegante y natural. Su textura de imitaci\u00f3n cemento es perfecta para espacios que desean reflejar modernidad y sobriedad.<\/p><p>Parte de la <a href='https:\/\/tilefly.com\/producto\/raw\/'>Serie Raw<\/a>, este pavimento de gran formato ampl\u00eda visualmente los espacios, convirti\u00e9ndolos en un refugio de estilo y tranquilidad.<\/p>","protected":false},"excerpt":{"rendered":"<p>RAW COTTON SMOOTH RECT 120X120El Raw Cotton Smooth Rect 120X120 es un pavimento porcel\u00e1nico en tono gris que ofrece un acabado mate, ideal para quienes buscan un dise\u00f1o elegante y natural. Su textura de imitaci\u00f3n cemento es perfecta para espacios que desean reflejar modernidad y sobriedad.Parte de la Serie Raw, este pavimento de gran formato [&hellip;]<\/p>\n","protected":false},"featured_media":544269,"comment_status":"open","ping_status":"closed","template":"","meta":[],"product_brand":[],"product_cat":[303,305,306,304],"product_tag":[],"class_list":{"0":"post-544281","1":"product","2":"type-product","3":"status-publish","4":"has-post-thumbnail","6":"product_cat-baldosas","7":"product_cat-banos","8":"product_cat-cocina","9":"product_cat-revestimiento","11":"first","12":"instock","13":"shipping-taxable","14":"purchasable","15":"product-type-simple"},"_links":{"self":[{"href":"https:\/\/tilefly.com\/es\/wp-json\/wp\/v2\/product\/544281","targetHints":{"allow":["GET"]}}],"collection":[{"href":"https:\/\/tilefly.com\/es\/wp-json\/wp\/v2\/product"}],"about":[{"href":"https:\/\/tilefly.com\/es\/wp-json\/wp\/v2\/types\/product"}],"replies":[{"embeddable":true,"href":"https:\/\/tilefly.com\/es\/wp-json\/wp\/v2\/comments?post=544281"}],"wp:featuredmedia":[{"embeddable":true,"href":"https:\/\/tilefly.com\/es\/wp-json\/wp\/v2\/media\/544269"}],"wp:attachment":[{"href":"https:\/\/tilefly.com\/es\/wp-json\/wp\/v2\/media?parent=544281"}],"wp:term":[{"taxonomy":"product_brand","embeddable":true,"href":"https:\/\/tilefly.com\/es\/wp-json\/wp\/v2\/product_brand?post=544281"},{"taxonomy":"product_cat","embeddable":true,"href":"https:\/\/tilefly.com\/es\/wp-json\/wp\/v2\/product_cat?post=544281"},{"taxonomy":"product_tag","embeddable":true,"href":"https:\/\/tilefly.com\/es\/wp-json\/wp\/v2\/product_tag?post=544281"}],"curies":[{"name":"wp","href":"https:\/\/api.w.org\/{rel}","templated":true}]}}