{"id":544268,"date":"2024-11-14T20:04:08","date_gmt":"2024-11-14T19:04:08","guid":{"rendered":"https:\/\/tilefly.com\/producto\/raw-naive-smooth-rect-120x120\/"},"modified":"2025-10-29T09:26:34","modified_gmt":"2025-10-29T08:26:34","slug":"raw-naive-smooth-rect-120x120","status":"publish","type":"product","link":"https:\/\/tilefly.com\/es\/producto\/raw-naive-smooth-rect-120x120\/","title":{"rendered":"RAW NAIVE SMOOTH RECT 120X120"},"content":{"rendered":"<h2><strong>RAW NAIVE SMOOTH RECT 120X120<\/strong><\/h2><p>El <em>Raw Naive Smooth Rect 120X120<\/em> en tono beige es un pavimento porcel\u00e1nico de gran formato que aporta una sensaci\u00f3n de amplitud y calidez a cualquier espacio. Con un acabado mate y un estilo de imitaci\u00f3n cemento, esta pieza permite crear ambientes sofisticados y naturales.<\/p><p>Ideal para quienes buscan un dise\u00f1o minimalista y contempor\u00e1neo, el <em>Raw Naive<\/em> resalta por su estilo atemporal. Conoce m\u00e1s sobre esta l\u00ednea en la <a href='https:\/\/tilefly.com\/producto\/raw\/'>Serie Raw<\/a> y transforma tus espacios con la esencia de lo natural.<\/p>","protected":false},"excerpt":{"rendered":"<p>RAW NAIVE SMOOTH RECT 120X120El Raw Naive Smooth Rect 120X120 en tono beige es un pavimento porcel\u00e1nico de gran formato que aporta una sensaci\u00f3n de amplitud y calidez a cualquier espacio. Con un acabado mate y un estilo de imitaci\u00f3n cemento, esta pieza permite crear ambientes sofisticados y naturales.Ideal para quienes buscan un dise\u00f1o minimalista [&hellip;]<\/p>\n","protected":false},"featured_media":544256,"comment_status":"open","ping_status":"closed","template":"","meta":[],"product_brand":[],"product_cat":[303,305,306,304],"product_tag":[],"class_list":{"0":"post-544268","1":"product","2":"type-product","3":"status-publish","4":"has-post-thumbnail","6":"product_cat-baldosas","7":"product_cat-banos","8":"product_cat-cocina","9":"product_cat-revestimiento","11":"first","12":"instock","13":"shipping-taxable","14":"purchasable","15":"product-type-simple"},"_links":{"self":[{"href":"https:\/\/tilefly.com\/es\/wp-json\/wp\/v2\/product\/544268","targetHints":{"allow":["GET"]}}],"collection":[{"href":"https:\/\/tilefly.com\/es\/wp-json\/wp\/v2\/product"}],"about":[{"href":"https:\/\/tilefly.com\/es\/wp-json\/wp\/v2\/types\/product"}],"replies":[{"embeddable":true,"href":"https:\/\/tilefly.com\/es\/wp-json\/wp\/v2\/comments?post=544268"}],"wp:featuredmedia":[{"embeddable":true,"href":"https:\/\/tilefly.com\/es\/wp-json\/wp\/v2\/media\/544256"}],"wp:attachment":[{"href":"https:\/\/tilefly.com\/es\/wp-json\/wp\/v2\/media?parent=544268"}],"wp:term":[{"taxonomy":"product_brand","embeddable":true,"href":"https:\/\/tilefly.com\/es\/wp-json\/wp\/v2\/product_brand?post=544268"},{"taxonomy":"product_cat","embeddable":true,"href":"https:\/\/tilefly.com\/es\/wp-json\/wp\/v2\/product_cat?post=544268"},{"taxonomy":"product_tag","embeddable":true,"href":"https:\/\/tilefly.com\/es\/wp-json\/wp\/v2\/product_tag?post=544268"}],"curies":[{"name":"wp","href":"https:\/\/api.w.org\/{rel}","templated":true}]}}