{"id":544255,"date":"2024-11-14T20:04:05","date_gmt":"2024-11-14T19:04:05","guid":{"rendered":"https:\/\/tilefly.com\/producto\/anti-slip-raw-toasted-rect-60x120\/"},"modified":"2025-10-29T09:26:32","modified_gmt":"2025-10-29T08:26:32","slug":"anti-slip-raw-toasted-rect-60x120","status":"publish","type":"product","link":"https:\/\/tilefly.com\/es\/producto\/anti-slip-raw-toasted-rect-60x120\/","title":{"rendered":"ANTI- SLIP RAW TOASTED RECT 60X120"},"content":{"rendered":"<h2><strong>ANTI- SLIP RAW TOASTED RECT 60X120<\/strong><\/h2><p>El <em>Anti-Slip Raw Toasted Rect 60X120<\/em> en tono beige ofrece seguridad y estilo con un acabado antideslizante ideal para \u00e1reas de alto tr\u00e1nsito. Su imitaci\u00f3n cemento y acabado mate aportan un toque moderno y acogedor a cualquier espacio.<\/p><p>Con la est\u00e9tica y funcionalidad de la <a href='https:\/\/tilefly.com\/producto\/raw\/'>Serie Raw<\/a>, esta pieza es perfecta para quienes desean un dise\u00f1o natural con m\u00e1xima seguridad.<\/p>","protected":false},"excerpt":{"rendered":"<p>ANTI- SLIP RAW TOASTED RECT 60X120El Anti-Slip Raw Toasted Rect 60X120 en tono beige ofrece seguridad y estilo con un acabado antideslizante ideal para \u00e1reas de alto tr\u00e1nsito. Su imitaci\u00f3n cemento y acabado mate aportan un toque moderno y acogedor a cualquier espacio.Con la est\u00e9tica y funcionalidad de la Serie Raw, esta pieza es perfecta [&hellip;]<\/p>\n","protected":false},"featured_media":544243,"comment_status":"open","ping_status":"closed","template":"","meta":[],"product_brand":[],"product_cat":[303,305,306,304],"product_tag":[],"class_list":{"0":"post-544255","1":"product","2":"type-product","3":"status-publish","4":"has-post-thumbnail","6":"product_cat-baldosas","7":"product_cat-banos","8":"product_cat-cocina","9":"product_cat-revestimiento","11":"first","12":"instock","13":"shipping-taxable","14":"purchasable","15":"product-type-simple"},"_links":{"self":[{"href":"https:\/\/tilefly.com\/es\/wp-json\/wp\/v2\/product\/544255","targetHints":{"allow":["GET"]}}],"collection":[{"href":"https:\/\/tilefly.com\/es\/wp-json\/wp\/v2\/product"}],"about":[{"href":"https:\/\/tilefly.com\/es\/wp-json\/wp\/v2\/types\/product"}],"replies":[{"embeddable":true,"href":"https:\/\/tilefly.com\/es\/wp-json\/wp\/v2\/comments?post=544255"}],"wp:featuredmedia":[{"embeddable":true,"href":"https:\/\/tilefly.com\/es\/wp-json\/wp\/v2\/media\/544243"}],"wp:attachment":[{"href":"https:\/\/tilefly.com\/es\/wp-json\/wp\/v2\/media?parent=544255"}],"wp:term":[{"taxonomy":"product_brand","embeddable":true,"href":"https:\/\/tilefly.com\/es\/wp-json\/wp\/v2\/product_brand?post=544255"},{"taxonomy":"product_cat","embeddable":true,"href":"https:\/\/tilefly.com\/es\/wp-json\/wp\/v2\/product_cat?post=544255"},{"taxonomy":"product_tag","embeddable":true,"href":"https:\/\/tilefly.com\/es\/wp-json\/wp\/v2\/product_tag?post=544255"}],"curies":[{"name":"wp","href":"https:\/\/api.w.org\/{rel}","templated":true}]}}