{"id":544242,"date":"2024-11-14T20:04:02","date_gmt":"2024-11-14T19:04:02","guid":{"rendered":"https:\/\/tilefly.com\/producto\/raw-toasted-smooth-rect-60x120\/"},"modified":"2025-10-29T09:26:31","modified_gmt":"2025-10-29T08:26:31","slug":"raw-toasted-smooth-rect-60x120","status":"publish","type":"product","link":"https:\/\/tilefly.com\/es\/producto\/raw-toasted-smooth-rect-60x120\/","title":{"rendered":"RAW TOASTED SMOOTH RECT 60X120"},"content":{"rendered":"<h2><strong>RAW TOASTED SMOOTH RECT 60X120<\/strong><\/h2><p>El pavimento <em>Raw Toasted Smooth Rect 60X120<\/em> en color beige ofrece una opci\u00f3n c\u00e1lida y acogedora para cualquier ambiente. Con su acabado mate y estilo de imitaci\u00f3n cemento, esta pieza porcel\u00e1nica es ideal para quienes buscan un equilibrio entre lo natural y lo moderno.<\/p><p>Inspirado en la naturaleza, el <em>Raw Toasted<\/em> proporciona una base neutra y sofisticada que complementa diversos estilos decorativos. Descubre m\u00e1s de esta l\u00ednea en la <a href='https:\/\/tilefly.com\/producto\/raw\/'>Serie Raw<\/a> y crea espacios \u00fanicos con materiales que honran lo esencial.<\/p>","protected":false},"excerpt":{"rendered":"<p>RAW TOASTED SMOOTH RECT 60X120El pavimento Raw Toasted Smooth Rect 60X120 en color beige ofrece una opci\u00f3n c\u00e1lida y acogedora para cualquier ambiente. Con su acabado mate y estilo de imitaci\u00f3n cemento, esta pieza porcel\u00e1nica es ideal para quienes buscan un equilibrio entre lo natural y lo moderno.Inspirado en la naturaleza, el Raw Toasted proporciona [&hellip;]<\/p>\n","protected":false},"featured_media":544230,"comment_status":"open","ping_status":"closed","template":"","meta":[],"product_brand":[],"product_cat":[303,305,306,304],"product_tag":[],"class_list":{"0":"post-544242","1":"product","2":"type-product","3":"status-publish","4":"has-post-thumbnail","6":"product_cat-baldosas","7":"product_cat-banos","8":"product_cat-cocina","9":"product_cat-revestimiento","11":"first","12":"instock","13":"shipping-taxable","14":"purchasable","15":"product-type-simple"},"_links":{"self":[{"href":"https:\/\/tilefly.com\/es\/wp-json\/wp\/v2\/product\/544242","targetHints":{"allow":["GET"]}}],"collection":[{"href":"https:\/\/tilefly.com\/es\/wp-json\/wp\/v2\/product"}],"about":[{"href":"https:\/\/tilefly.com\/es\/wp-json\/wp\/v2\/types\/product"}],"replies":[{"embeddable":true,"href":"https:\/\/tilefly.com\/es\/wp-json\/wp\/v2\/comments?post=544242"}],"wp:featuredmedia":[{"embeddable":true,"href":"https:\/\/tilefly.com\/es\/wp-json\/wp\/v2\/media\/544230"}],"wp:attachment":[{"href":"https:\/\/tilefly.com\/es\/wp-json\/wp\/v2\/media?parent=544242"}],"wp:term":[{"taxonomy":"product_brand","embeddable":true,"href":"https:\/\/tilefly.com\/es\/wp-json\/wp\/v2\/product_brand?post=544242"},{"taxonomy":"product_cat","embeddable":true,"href":"https:\/\/tilefly.com\/es\/wp-json\/wp\/v2\/product_cat?post=544242"},{"taxonomy":"product_tag","embeddable":true,"href":"https:\/\/tilefly.com\/es\/wp-json\/wp\/v2\/product_tag?post=544242"}],"curies":[{"name":"wp","href":"https:\/\/api.w.org\/{rel}","templated":true}]}}