{"id":544176,"date":"2024-11-14T20:01:32","date_gmt":"2024-11-14T19:01:32","guid":{"rendered":"https:\/\/tilefly.com\/producto\/rambla-taupe-60x60\/"},"modified":"2025-10-29T09:26:27","modified_gmt":"2025-10-29T08:26:27","slug":"rambla-taupe-60x60","status":"publish","type":"product","link":"https:\/\/tilefly.com\/es\/producto\/rambla-taupe-60x60\/","title":{"rendered":"RAMBLA TAUPE 60X60"},"content":{"rendered":"<h2><strong>RAMBLA TAUPE 60X60<\/strong><\/h2><p>El <em>Rambla Taupe 60X60<\/em> en porcel\u00e1nico es un pavimento que brinda calidez y confort gracias a su tono marr\u00f3n y acabado mate. Ideal para quienes desean un espacio acogedor y con estilo, esta pieza en imitaci\u00f3n cemento captura la esencia del dise\u00f1o urbano.<\/p><p>Inspirado en la belleza y autenticidad de las calles de Barcelona, <em>Rambla Taupe<\/em> convierte cualquier ambiente en un espacio \u00fanico. Descubre m\u00e1s de esta y otras opciones en la <a href='https:\/\/tilefly.com\/producto\/rambla\/'>serie Rambla<\/a>.<\/p>","protected":false},"excerpt":{"rendered":"<p>RAMBLA TAUPE 60X60El Rambla Taupe 60X60 en porcel\u00e1nico es un pavimento que brinda calidez y confort gracias a su tono marr\u00f3n y acabado mate. Ideal para quienes desean un espacio acogedor y con estilo, esta pieza en imitaci\u00f3n cemento captura la esencia del dise\u00f1o urbano.Inspirado en la belleza y autenticidad de las calles de Barcelona, [&hellip;]<\/p>\n","protected":false},"featured_media":544164,"comment_status":"open","ping_status":"closed","template":"","meta":[],"product_brand":[],"product_cat":[303,305,306,304],"product_tag":[],"class_list":{"0":"post-544176","1":"product","2":"type-product","3":"status-publish","4":"has-post-thumbnail","6":"product_cat-baldosas","7":"product_cat-banos","8":"product_cat-cocina","9":"product_cat-revestimiento","11":"first","12":"instock","13":"shipping-taxable","14":"purchasable","15":"product-type-simple"},"_links":{"self":[{"href":"https:\/\/tilefly.com\/es\/wp-json\/wp\/v2\/product\/544176","targetHints":{"allow":["GET"]}}],"collection":[{"href":"https:\/\/tilefly.com\/es\/wp-json\/wp\/v2\/product"}],"about":[{"href":"https:\/\/tilefly.com\/es\/wp-json\/wp\/v2\/types\/product"}],"replies":[{"embeddable":true,"href":"https:\/\/tilefly.com\/es\/wp-json\/wp\/v2\/comments?post=544176"}],"wp:featuredmedia":[{"embeddable":true,"href":"https:\/\/tilefly.com\/es\/wp-json\/wp\/v2\/media\/544164"}],"wp:attachment":[{"href":"https:\/\/tilefly.com\/es\/wp-json\/wp\/v2\/media?parent=544176"}],"wp:term":[{"taxonomy":"product_brand","embeddable":true,"href":"https:\/\/tilefly.com\/es\/wp-json\/wp\/v2\/product_brand?post=544176"},{"taxonomy":"product_cat","embeddable":true,"href":"https:\/\/tilefly.com\/es\/wp-json\/wp\/v2\/product_cat?post=544176"},{"taxonomy":"product_tag","embeddable":true,"href":"https:\/\/tilefly.com\/es\/wp-json\/wp\/v2\/product_tag?post=544176"}],"curies":[{"name":"wp","href":"https:\/\/api.w.org\/{rel}","templated":true}]}}