{"id":544150,"date":"2024-11-14T20:01:26","date_gmt":"2024-11-14T19:01:26","guid":{"rendered":"https:\/\/tilefly.com\/producto\/montjouic-white-20x60\/"},"modified":"2025-10-29T09:26:24","modified_gmt":"2025-10-29T08:26:24","slug":"montjouic-white-20x60","status":"publish","type":"product","link":"https:\/\/tilefly.com\/es\/producto\/montjouic-white-20x60\/","title":{"rendered":"MONTJOUIC WHITE 20X60"},"content":{"rendered":"<h2><strong>MONTJOUIC WHITE 20X60<\/strong><\/h2><p>La pieza <em>Montjouic White 20X60<\/em> se inspira en la historia y el arte de Barcelona. Este revestimiento blanco de acabado mate y pasta roja en imitaci\u00f3n cemento, evoca la tranquilidad y sofisticaci\u00f3n del Montju\u00efc, integrando dise\u00f1o y funcionalidad.<\/p><p>Con un tono que ilumina y embellece cualquier espacio, <em>Montjouic White<\/em> es ideal para quienes buscan elegancia y modernidad. Visita la <a href='https:\/\/tilefly.com\/producto\/rambla\/'>colecci\u00f3n Rambla<\/a> para descubrir m\u00e1s opciones que transformen tus espacios.<\/p>","protected":false},"excerpt":{"rendered":"<p>MONTJOUIC WHITE 20X60La pieza Montjouic White 20X60 se inspira en la historia y el arte de Barcelona. Este revestimiento blanco de acabado mate y pasta roja en imitaci\u00f3n cemento, evoca la tranquilidad y sofisticaci\u00f3n del Montju\u00efc, integrando dise\u00f1o y funcionalidad.Con un tono que ilumina y embellece cualquier espacio, Montjouic White es ideal para quienes buscan [&hellip;]<\/p>\n","protected":false},"featured_media":544138,"comment_status":"open","ping_status":"closed","template":"","meta":[],"product_brand":[],"product_cat":[305,306,304],"product_tag":[],"class_list":{"0":"post-544150","1":"product","2":"type-product","3":"status-publish","4":"has-post-thumbnail","6":"product_cat-banos","7":"product_cat-cocina","8":"product_cat-revestimiento","10":"first","11":"instock","12":"shipping-taxable","13":"purchasable","14":"product-type-simple"},"_links":{"self":[{"href":"https:\/\/tilefly.com\/es\/wp-json\/wp\/v2\/product\/544150","targetHints":{"allow":["GET"]}}],"collection":[{"href":"https:\/\/tilefly.com\/es\/wp-json\/wp\/v2\/product"}],"about":[{"href":"https:\/\/tilefly.com\/es\/wp-json\/wp\/v2\/types\/product"}],"replies":[{"embeddable":true,"href":"https:\/\/tilefly.com\/es\/wp-json\/wp\/v2\/comments?post=544150"}],"wp:featuredmedia":[{"embeddable":true,"href":"https:\/\/tilefly.com\/es\/wp-json\/wp\/v2\/media\/544138"}],"wp:attachment":[{"href":"https:\/\/tilefly.com\/es\/wp-json\/wp\/v2\/media?parent=544150"}],"wp:term":[{"taxonomy":"product_brand","embeddable":true,"href":"https:\/\/tilefly.com\/es\/wp-json\/wp\/v2\/product_brand?post=544150"},{"taxonomy":"product_cat","embeddable":true,"href":"https:\/\/tilefly.com\/es\/wp-json\/wp\/v2\/product_cat?post=544150"},{"taxonomy":"product_tag","embeddable":true,"href":"https:\/\/tilefly.com\/es\/wp-json\/wp\/v2\/product_tag?post=544150"}],"curies":[{"name":"wp","href":"https:\/\/api.w.org\/{rel}","templated":true}]}}