{"id":544137,"date":"2024-11-14T20:01:23","date_gmt":"2024-11-14T19:01:23","guid":{"rendered":"https:\/\/tilefly.com\/producto\/barcelone-white-20x60\/"},"modified":"2025-10-29T09:26:23","modified_gmt":"2025-10-29T08:26:23","slug":"barcelone-white-20x60","status":"publish","type":"product","link":"https:\/\/tilefly.com\/es\/producto\/barcelone-white-20x60\/","title":{"rendered":"BARCELONE WHITE 20X60"},"content":{"rendered":"<h2><strong>BARCELONE WHITE 20X60<\/strong><\/h2><p>El <em>Barcelone White 20X60<\/em> es un revestimiento de tono blanco que ilumina cualquier habitaci\u00f3n con su acabado mate y elegante estilo. Inspirado en el brillo y la arquitectura de Barcelona, esta pieza de pasta roja en imitaci\u00f3n cemento aporta pureza y un estilo limpio y refinado.<\/p><p>Perfecto para ambientes modernos y minimalistas, <em>Barcelone White<\/em> es una opci\u00f3n que resalta la simplicidad sin perder la sofisticaci\u00f3n. Conoce m\u00e1s sobre este y otros dise\u00f1os en la <a href=\"https:\/\/tilefly.com\/producto\/rambla\/\">serie Rambla<\/a>.<\/p>","protected":false},"excerpt":{"rendered":"<p>BARCELONE WHITE 20X60El Barcelone White 20X60 es un revestimiento de tono blanco que ilumina cualquier habitaci\u00f3n con su acabado mate y elegante estilo. Inspirado en el brillo y la arquitectura de Barcelona, esta pieza de pasta roja en imitaci\u00f3n cemento aporta pureza y un estilo limpio y refinado.Perfecto para ambientes modernos y minimalistas, Barcelone White [&hellip;]<\/p>\n","protected":false},"featured_media":544125,"comment_status":"open","ping_status":"closed","template":"","meta":[],"product_brand":[],"product_cat":[305,306,304],"product_tag":[],"class_list":{"0":"post-544137","1":"product","2":"type-product","3":"status-publish","4":"has-post-thumbnail","6":"product_cat-banos","7":"product_cat-cocina","8":"product_cat-revestimiento","10":"first","11":"instock","12":"shipping-taxable","13":"purchasable","14":"product-type-simple"},"_links":{"self":[{"href":"https:\/\/tilefly.com\/es\/wp-json\/wp\/v2\/product\/544137","targetHints":{"allow":["GET"]}}],"collection":[{"href":"https:\/\/tilefly.com\/es\/wp-json\/wp\/v2\/product"}],"about":[{"href":"https:\/\/tilefly.com\/es\/wp-json\/wp\/v2\/types\/product"}],"replies":[{"embeddable":true,"href":"https:\/\/tilefly.com\/es\/wp-json\/wp\/v2\/comments?post=544137"}],"wp:featuredmedia":[{"embeddable":true,"href":"https:\/\/tilefly.com\/es\/wp-json\/wp\/v2\/media\/544125"}],"wp:attachment":[{"href":"https:\/\/tilefly.com\/es\/wp-json\/wp\/v2\/media?parent=544137"}],"wp:term":[{"taxonomy":"product_brand","embeddable":true,"href":"https:\/\/tilefly.com\/es\/wp-json\/wp\/v2\/product_brand?post=544137"},{"taxonomy":"product_cat","embeddable":true,"href":"https:\/\/tilefly.com\/es\/wp-json\/wp\/v2\/product_cat?post=544137"},{"taxonomy":"product_tag","embeddable":true,"href":"https:\/\/tilefly.com\/es\/wp-json\/wp\/v2\/product_tag?post=544137"}],"curies":[{"name":"wp","href":"https:\/\/api.w.org\/{rel}","templated":true}]}}