{"id":543217,"date":"2024-11-10T19:24:37","date_gmt":"2024-11-10T18:24:37","guid":{"rendered":"https:\/\/tilefly.com\/?post_type=product&#038;p=543217"},"modified":"2024-11-10T19:28:09","modified_gmt":"2024-11-10T18:28:09","slug":"manacor","status":"publish","type":"product","link":"https:\/\/tilefly.com\/es\/producto\/manacor\/","title":{"rendered":"MANACOR"},"content":{"rendered":"<h2>Serie Manacor<br \/><\/h2><p>La serie Manacor de Carmen True Tiles es una colecci\u00f3n que rinde homenaje a la artesan\u00eda cer\u00e1mica tradicional, reinterpretando los cl\u00e1sicos con un toque de modernidad. Inspirada en los dise\u00f1os de anta\u00f1o, Manacor destaca por sus acabados brillantes y decorados, lo que le otorga una est\u00e9tica \u00fanica y vers\u00e1til que se adapta a distintos estilos de decoraci\u00f3n. Cada pieza de la serie, con su formato de 11,8&#215;11,8 cm, est\u00e1 pensada para capturar la esencia de la cer\u00e1mica artesanal mientras introduce elementos de dise\u00f1o contempor\u00e1neo que convierten a esta colecci\u00f3n en una opci\u00f3n ideal para quienes buscan un equilibrio entre tradici\u00f3n y modernidad.<\/p><p>El atractivo de la serie Manacor radica en su acabado brillante, que refleja la luz de manera sutil, aportando luminosidad y profundidad a los espacios. Este brillo permite que cada baldosa se destaque individualmente, mientras se complementa de manera armoniosa con otras piezas de la colecci\u00f3n o con distintos elementos de decoraci\u00f3n. Adem\u00e1s, el acabado decorado de cada pieza a\u00f1ade una textura visual que enriquece el espacio, proporcionando un toque de sofisticaci\u00f3n y elegancia que eleva el dise\u00f1o general de cualquier estancia.<\/p><p>La variedad de colores en la serie Manacor es otro de sus puntos fuertes. Desde tonos neutros como el blanco y el gris, hasta colores vibrantes como el azul, navy y verde, esta serie ofrece opciones para satisfacer todos los gustos y estilos. Manacor White es una opci\u00f3n perfecta para quienes buscan un fondo neutro que aporte amplitud y claridad, ideal para ba\u00f1os y cocinas de estilo minimalista o contempor\u00e1neo. Manacor Navy y Manacor Night, en cambio, aportan profundidad y sofisticaci\u00f3n, siendo perfectos para crear contrastes o para espacios que buscan un toque de elegancia y dramatismo. Manacor Blue, Acqua, y Green a\u00f1aden frescura y vitalidad, ideales para quienes desean un toque de color que transmita energ\u00eda y modernidad.<\/p><p>Una de las caracter\u00edsticas distintivas de esta serie es su capacidad para combinar formatos y colores, lo que permite crear composiciones \u00fanicas y personalizadas. Los dise\u00f1adores de interiores y decoradores encuentran en Manacor una gran herramienta para darle personalidad a cada proyecto, ya que pueden jugar con los colores y el patr\u00f3n de colocaci\u00f3n para adaptarse a diferentes estilos, desde lo cl\u00e1sico y r\u00fastico hasta lo moderno y minimalista. Las combinaciones posibles permiten transformar cada estancia en un espacio singular que refleja el estilo y la personalidad del usuario.<\/p><p>La serie Manacor es ideal para aplicaciones en ba\u00f1os y cocinas, donde la resistencia y la facilidad de limpieza son aspectos esenciales. La superficie brillante facilita el mantenimiento, y su acabado decorado a\u00f1ade una capa extra de inter\u00e9s visual que hace que incluso los espacios m\u00e1s peque\u00f1os cobren vida. Su formato cuadrado compacto de 11,8&#215;11,8 cm permite su colocaci\u00f3n en patrones de mosaico, lo que a\u00f1ade dinamismo y textura al espacio. Adem\u00e1s, gracias a su dise\u00f1o resistente y vers\u00e1til, la serie Manacor tambi\u00e9n es adecuada para \u00e1reas de alto tr\u00e1fico, ofreciendo una soluci\u00f3n duradera y de alta calidad.<\/p><p>Esta colecci\u00f3n no solo destaca por su belleza visual, sino tambi\u00e9n por su conexi\u00f3n con la tradici\u00f3n artesanal de la cer\u00e1mica. Carmen True Tiles ha logrado capturar el esp\u00edritu de la cer\u00e1mica de anta\u00f1o, respetando sus t\u00e9cnicas y su esencia, mientras introduce innovaciones que la adaptan a las tendencias actuales. La serie Manacor refleja un compromiso con la calidad y el dise\u00f1o, ofreciendo una colecci\u00f3n que celebra el arte de la cer\u00e1mica y su capacidad para transformar los espacios.<\/p>","protected":false},"excerpt":{"rendered":"<p>Serie ManacorLa serie Manacor de Carmen True Tiles es una colecci\u00f3n que rinde homenaje a la artesan\u00eda cer\u00e1mica tradicional, reinterpretando los cl\u00e1sicos con un toque de modernidad. Inspirada en los dise\u00f1os de anta\u00f1o, Manacor destaca por sus acabados brillantes y decorados, lo que le otorga una est\u00e9tica \u00fanica y vers\u00e1til que se adapta a distintos [&hellip;]<\/p>\n","protected":false},"featured_media":543170,"comment_status":"closed","ping_status":"closed","template":"","meta":[],"product_brand":[],"product_cat":[305,303,306,304,307],"product_tag":[],"class_list":{"0":"post-543217","1":"product","2":"type-product","3":"status-publish","4":"has-post-thumbnail","6":"product_cat-banos","7":"product_cat-baldosas","8":"product_cat-cocina","9":"product_cat-revestimiento","10":"product_cat-salon","12":"first","13":"instock","14":"shipping-taxable","15":"product-type-grouped"},"_links":{"self":[{"href":"https:\/\/tilefly.com\/es\/wp-json\/wp\/v2\/product\/543217","targetHints":{"allow":["GET"]}}],"collection":[{"href":"https:\/\/tilefly.com\/es\/wp-json\/wp\/v2\/product"}],"about":[{"href":"https:\/\/tilefly.com\/es\/wp-json\/wp\/v2\/types\/product"}],"replies":[{"embeddable":true,"href":"https:\/\/tilefly.com\/es\/wp-json\/wp\/v2\/comments?post=543217"}],"wp:featuredmedia":[{"embeddable":true,"href":"https:\/\/tilefly.com\/es\/wp-json\/wp\/v2\/media\/543170"}],"wp:attachment":[{"href":"https:\/\/tilefly.com\/es\/wp-json\/wp\/v2\/media?parent=543217"}],"wp:term":[{"taxonomy":"product_brand","embeddable":true,"href":"https:\/\/tilefly.com\/es\/wp-json\/wp\/v2\/product_brand?post=543217"},{"taxonomy":"product_cat","embeddable":true,"href":"https:\/\/tilefly.com\/es\/wp-json\/wp\/v2\/product_cat?post=543217"},{"taxonomy":"product_tag","embeddable":true,"href":"https:\/\/tilefly.com\/es\/wp-json\/wp\/v2\/product_tag?post=543217"}],"curies":[{"name":"wp","href":"https:\/\/api.w.org\/{rel}","templated":true}]}}