{"id":543215,"date":"2024-11-10T19:17:59","date_gmt":"2024-11-10T18:17:59","guid":{"rendered":"https:\/\/tilefly.com\/producto\/hexa-manacor-white-139x16\/"},"modified":"2025-10-29T09:26:18","modified_gmt":"2025-10-29T08:26:18","slug":"hexa-manacor-white-139x16","status":"publish","type":"product","link":"https:\/\/tilefly.com\/es\/producto\/hexa-manacor-white-139x16\/","title":{"rendered":"HEXA MANACOR WHITE 13,9X16"},"content":{"rendered":"<h2><strong>HEXA MANACOR WHITE 13,9X16<\/strong><\/h2><p>Hexa Manacor White en blanco mate es una opci\u00f3n luminosa y moderna que aporta frescura y amplitud a cualquier espacio. Su formato hexagonal de 13,9&#215;16 cm y dise\u00f1o decorado ofrecen una est\u00e9tica contempor\u00e1nea, perfecta para pavimentos en ba\u00f1os y cocinas. Su acabado mate permite una integraci\u00f3n f\u00e1cil con otros tonos, creando un ambiente sereno y elegante que recuerda a la cer\u00e1mica artesanal.<\/p>","protected":false},"excerpt":{"rendered":"<p>HEXA MANACOR WHITE 13,9X16Hexa Manacor White en blanco mate es una opci\u00f3n luminosa y moderna que aporta frescura y amplitud a cualquier espacio. Su formato hexagonal de 13,9&#215;16 cm y dise\u00f1o decorado ofrecen una est\u00e9tica contempor\u00e1nea, perfecta para pavimentos en ba\u00f1os y cocinas. Su acabado mate permite una integraci\u00f3n f\u00e1cil con otros tonos, creando un [&hellip;]<\/p>\n","protected":false},"featured_media":543203,"comment_status":"open","ping_status":"closed","template":"","meta":[],"product_brand":[],"product_cat":[561,562,563,564],"product_tag":[],"class_list":{"0":"post-543215","1":"product","2":"type-product","3":"status-publish","4":"has-post-thumbnail","6":"product_cat-vloertegels","7":"product_cat-badkamer-tegels","8":"product_cat-keuken-tegel","9":"product_cat-wandtegels","11":"first","12":"instock","13":"shipping-taxable","14":"purchasable","15":"product-type-simple"},"_links":{"self":[{"href":"https:\/\/tilefly.com\/es\/wp-json\/wp\/v2\/product\/543215","targetHints":{"allow":["GET"]}}],"collection":[{"href":"https:\/\/tilefly.com\/es\/wp-json\/wp\/v2\/product"}],"about":[{"href":"https:\/\/tilefly.com\/es\/wp-json\/wp\/v2\/types\/product"}],"replies":[{"embeddable":true,"href":"https:\/\/tilefly.com\/es\/wp-json\/wp\/v2\/comments?post=543215"}],"wp:featuredmedia":[{"embeddable":true,"href":"https:\/\/tilefly.com\/es\/wp-json\/wp\/v2\/media\/543203"}],"wp:attachment":[{"href":"https:\/\/tilefly.com\/es\/wp-json\/wp\/v2\/media?parent=543215"}],"wp:term":[{"taxonomy":"product_brand","embeddable":true,"href":"https:\/\/tilefly.com\/es\/wp-json\/wp\/v2\/product_brand?post=543215"},{"taxonomy":"product_cat","embeddable":true,"href":"https:\/\/tilefly.com\/es\/wp-json\/wp\/v2\/product_cat?post=543215"},{"taxonomy":"product_tag","embeddable":true,"href":"https:\/\/tilefly.com\/es\/wp-json\/wp\/v2\/product_tag?post=543215"}],"curies":[{"name":"wp","href":"https:\/\/api.w.org\/{rel}","templated":true}]}}