{"id":543202,"date":"2024-11-10T19:17:56","date_gmt":"2024-11-10T18:17:56","guid":{"rendered":"https:\/\/tilefly.com\/producto\/hexa-manacor-night-139x16\/"},"modified":"2025-10-29T09:26:17","modified_gmt":"2025-10-29T08:26:17","slug":"hexa-manacor-night-139x16","status":"publish","type":"product","link":"https:\/\/tilefly.com\/es\/producto\/hexa-manacor-night-139x16\/","title":{"rendered":"HEXA MANACOR NIGHT 13,9X16"},"content":{"rendered":"<h2><strong>HEXA MANACOR NIGHT 13,9X16<\/strong><\/h2><p>Hexa Manacor Night en color negro mate es una opci\u00f3n audaz y moderna para pavimentos. Su formato hexagonal y dise\u00f1o decorado ofrecen un estilo contempor\u00e1neo con una textura sutil. Perfecta para quienes buscan un contraste fuerte en ba\u00f1os y cocinas, esta baldosa de 13,9&#215;16 cm es ideal para crear un ambiente sofisticado y lleno de personalidad.<\/p>","protected":false},"excerpt":{"rendered":"<p>HEXA MANACOR NIGHT 13,9X16Hexa Manacor Night en color negro mate es una opci\u00f3n audaz y moderna para pavimentos. Su formato hexagonal y dise\u00f1o decorado ofrecen un estilo contempor\u00e1neo con una textura sutil. Perfecta para quienes buscan un contraste fuerte en ba\u00f1os y cocinas, esta baldosa de 13,9&#215;16 cm es ideal para crear un ambiente sofisticado [&hellip;]<\/p>\n","protected":false},"featured_media":543190,"comment_status":"open","ping_status":"closed","template":"","meta":[],"product_brand":[],"product_cat":[303,305,306,304],"product_tag":[],"class_list":{"0":"post-543202","1":"product","2":"type-product","3":"status-publish","4":"has-post-thumbnail","6":"product_cat-baldosas","7":"product_cat-banos","8":"product_cat-cocina","9":"product_cat-revestimiento","11":"first","12":"instock","13":"shipping-taxable","14":"purchasable","15":"product-type-simple"},"_links":{"self":[{"href":"https:\/\/tilefly.com\/es\/wp-json\/wp\/v2\/product\/543202","targetHints":{"allow":["GET"]}}],"collection":[{"href":"https:\/\/tilefly.com\/es\/wp-json\/wp\/v2\/product"}],"about":[{"href":"https:\/\/tilefly.com\/es\/wp-json\/wp\/v2\/types\/product"}],"replies":[{"embeddable":true,"href":"https:\/\/tilefly.com\/es\/wp-json\/wp\/v2\/comments?post=543202"}],"wp:featuredmedia":[{"embeddable":true,"href":"https:\/\/tilefly.com\/es\/wp-json\/wp\/v2\/media\/543190"}],"wp:attachment":[{"href":"https:\/\/tilefly.com\/es\/wp-json\/wp\/v2\/media?parent=543202"}],"wp:term":[{"taxonomy":"product_brand","embeddable":true,"href":"https:\/\/tilefly.com\/es\/wp-json\/wp\/v2\/product_brand?post=543202"},{"taxonomy":"product_cat","embeddable":true,"href":"https:\/\/tilefly.com\/es\/wp-json\/wp\/v2\/product_cat?post=543202"},{"taxonomy":"product_tag","embeddable":true,"href":"https:\/\/tilefly.com\/es\/wp-json\/wp\/v2\/product_tag?post=543202"}],"curies":[{"name":"wp","href":"https:\/\/api.w.org\/{rel}","templated":true}]}}