{"id":543189,"date":"2024-11-10T19:17:43","date_gmt":"2024-11-10T18:17:43","guid":{"rendered":"https:\/\/tilefly.com\/producto\/hexa-manacor-navy-139x16\/"},"modified":"2025-10-29T09:26:16","modified_gmt":"2025-10-29T08:26:16","slug":"hexa-manacor-navy-139x16","status":"publish","type":"product","link":"https:\/\/tilefly.com\/es\/producto\/hexa-manacor-navy-139x16\/","title":{"rendered":"HEXA MANACOR NAVY 13,9X16"},"content":{"rendered":"<h2><strong>HEXA MANACOR NAVY 13,9X16<\/strong><\/h2><p>La baldosa Hexa Manacor Navy en azul marino y formato hexagonal es perfecta para quienes desean un toque de elegancia y profundidad. Su acabado mate y decoraci\u00f3n sutil hacen de esta pieza de 13,9&#215;16 cm una elecci\u00f3n sofisticada para pavimentos en ba\u00f1os y cocinas. Ideal para crear contrastes o como fondo elegante, su tono navy a\u00f1ade car\u00e1cter a cualquier espacio.<\/p>","protected":false},"excerpt":{"rendered":"<p>HEXA MANACOR NAVY 13,9X16La baldosa Hexa Manacor Navy en azul marino y formato hexagonal es perfecta para quienes desean un toque de elegancia y profundidad. Su acabado mate y decoraci\u00f3n sutil hacen de esta pieza de 13,9&#215;16 cm una elecci\u00f3n sofisticada para pavimentos en ba\u00f1os y cocinas. Ideal para crear contrastes o como fondo elegante, [&hellip;]<\/p>\n","protected":false},"featured_media":543177,"comment_status":"open","ping_status":"closed","template":"","meta":[],"product_brand":[],"product_cat":[303,305,306,304],"product_tag":[],"class_list":{"0":"post-543189","1":"product","2":"type-product","3":"status-publish","4":"has-post-thumbnail","6":"product_cat-baldosas","7":"product_cat-banos","8":"product_cat-cocina","9":"product_cat-revestimiento","11":"first","12":"instock","13":"shipping-taxable","14":"purchasable","15":"product-type-simple"},"_links":{"self":[{"href":"https:\/\/tilefly.com\/es\/wp-json\/wp\/v2\/product\/543189","targetHints":{"allow":["GET"]}}],"collection":[{"href":"https:\/\/tilefly.com\/es\/wp-json\/wp\/v2\/product"}],"about":[{"href":"https:\/\/tilefly.com\/es\/wp-json\/wp\/v2\/types\/product"}],"replies":[{"embeddable":true,"href":"https:\/\/tilefly.com\/es\/wp-json\/wp\/v2\/comments?post=543189"}],"wp:featuredmedia":[{"embeddable":true,"href":"https:\/\/tilefly.com\/es\/wp-json\/wp\/v2\/media\/543177"}],"wp:attachment":[{"href":"https:\/\/tilefly.com\/es\/wp-json\/wp\/v2\/media?parent=543189"}],"wp:term":[{"taxonomy":"product_brand","embeddable":true,"href":"https:\/\/tilefly.com\/es\/wp-json\/wp\/v2\/product_brand?post=543189"},{"taxonomy":"product_cat","embeddable":true,"href":"https:\/\/tilefly.com\/es\/wp-json\/wp\/v2\/product_cat?post=543189"},{"taxonomy":"product_tag","embeddable":true,"href":"https:\/\/tilefly.com\/es\/wp-json\/wp\/v2\/product_tag?post=543189"}],"curies":[{"name":"wp","href":"https:\/\/api.w.org\/{rel}","templated":true}]}}