{"id":543176,"date":"2024-11-10T19:17:35","date_gmt":"2024-11-10T18:17:35","guid":{"rendered":"https:\/\/tilefly.com\/producto\/hexa-manacor-grey-139x16\/"},"modified":"2025-10-29T09:26:15","modified_gmt":"2025-10-29T08:26:15","slug":"hexa-manacor-grey-139x16","status":"publish","type":"product","link":"https:\/\/tilefly.com\/es\/producto\/hexa-manacor-grey-139x16\/","title":{"rendered":"HEXA MANACOR GREY 13,9X16"},"content":{"rendered":"<h2><strong>HEXA MANACOR GREY 13,9X16<\/strong><\/h2><p>En tono gris mate, Hexa Manacor Grey es una opci\u00f3n vers\u00e1til y elegante. Su dise\u00f1o hexagonal y decorado en tama\u00f1o 13,9&#215;16 cm permite crear un ambiente moderno y neutro, ideal para pavimentos que buscan un toque sofisticado. Su acabado mate ofrece una superficie f\u00e1cil de integrar con otros tonos, aportando un estilo armonioso y contempor\u00e1neo.<\/p>","protected":false},"excerpt":{"rendered":"<p>HEXA MANACOR GREY 13,9X16En tono gris mate, Hexa Manacor Grey es una opci\u00f3n vers\u00e1til y elegante. Su dise\u00f1o hexagonal y decorado en tama\u00f1o 13,9&#215;16 cm permite crear un ambiente moderno y neutro, ideal para pavimentos que buscan un toque sofisticado. Su acabado mate ofrece una superficie f\u00e1cil de integrar con otros tonos, aportando un estilo [&hellip;]<\/p>\n","protected":false},"featured_media":543164,"comment_status":"open","ping_status":"closed","template":"","meta":[],"product_brand":[],"product_cat":[303,305,306,304],"product_tag":[],"class_list":{"0":"post-543176","1":"product","2":"type-product","3":"status-publish","4":"has-post-thumbnail","6":"product_cat-baldosas","7":"product_cat-banos","8":"product_cat-cocina","9":"product_cat-revestimiento","11":"first","12":"instock","13":"shipping-taxable","14":"purchasable","15":"product-type-simple"},"_links":{"self":[{"href":"https:\/\/tilefly.com\/es\/wp-json\/wp\/v2\/product\/543176","targetHints":{"allow":["GET"]}}],"collection":[{"href":"https:\/\/tilefly.com\/es\/wp-json\/wp\/v2\/product"}],"about":[{"href":"https:\/\/tilefly.com\/es\/wp-json\/wp\/v2\/types\/product"}],"replies":[{"embeddable":true,"href":"https:\/\/tilefly.com\/es\/wp-json\/wp\/v2\/comments?post=543176"}],"wp:featuredmedia":[{"embeddable":true,"href":"https:\/\/tilefly.com\/es\/wp-json\/wp\/v2\/media\/543164"}],"wp:attachment":[{"href":"https:\/\/tilefly.com\/es\/wp-json\/wp\/v2\/media?parent=543176"}],"wp:term":[{"taxonomy":"product_brand","embeddable":true,"href":"https:\/\/tilefly.com\/es\/wp-json\/wp\/v2\/product_brand?post=543176"},{"taxonomy":"product_cat","embeddable":true,"href":"https:\/\/tilefly.com\/es\/wp-json\/wp\/v2\/product_cat?post=543176"},{"taxonomy":"product_tag","embeddable":true,"href":"https:\/\/tilefly.com\/es\/wp-json\/wp\/v2\/product_tag?post=543176"}],"curies":[{"name":"wp","href":"https:\/\/api.w.org\/{rel}","templated":true}]}}